{"id":1209,"date":"2023-08-07T10:59:54","date_gmt":"2023-08-07T08:59:54","guid":{"rendered":"https:\/\/theteahousestore.com\/?post_type=product&#038;p=1209"},"modified":"2023-08-07T10:59:54","modified_gmt":"2023-08-07T08:59:54","slug":"pelicula-de-sellado-de-vasos","status":"publish","type":"product","link":"https:\/\/theteahousestore.com\/index.php\/product\/pelicula-de-sellado-de-vasos\/","title":{"rendered":"PEL\u00cdCULA DE SELLADO DE VASOS \u5c01\u676f\u819c\uff083000\u676f\uff09"},"content":{"rendered":"<p>es un producto esencial para el sellado higi\u00e9nico y seguro de vasos, especialmente en entornos de servicio de bebidas como tiendas de t\u00e9, cafeter\u00edas y establecimientos similares.<\/p>\n","protected":false},"excerpt":{"rendered":"<p>es un producto esencial para el sellado higi\u00e9nico y seguro de vasos, especialmente en entornos de servicio de bebidas como tiendas de t\u00e9, cafeter\u00edas y establecimientos similares.<\/p>\n","protected":false},"featured_media":1210,"comment_status":"open","ping_status":"closed","template":"","meta":[],"product_brand":[],"product_cat":[58,60],"product_tag":[61],"class_list":{"0":"post-1209","1":"product","2":"type-product","3":"status-publish","4":"has-post-thumbnail","6":"product_cat-bubble-tea","7":"product_cat-utensilios-para-bubble-tea","8":"product_tag-bubble-tea","10":"first","11":"instock","12":"shipping-taxable","13":"purchasable","14":"product-type-simple"},"jetpack_sharing_enabled":true,"_links":{"self":[{"href":"https:\/\/theteahousestore.com\/index.php\/wp-json\/wp\/v2\/product\/1209","targetHints":{"allow":["GET"]}}],"collection":[{"href":"https:\/\/theteahousestore.com\/index.php\/wp-json\/wp\/v2\/product"}],"about":[{"href":"https:\/\/theteahousestore.com\/index.php\/wp-json\/wp\/v2\/types\/product"}],"replies":[{"embeddable":true,"href":"https:\/\/theteahousestore.com\/index.php\/wp-json\/wp\/v2\/comments?post=1209"}],"wp:featuredmedia":[{"embeddable":true,"href":"https:\/\/theteahousestore.com\/index.php\/wp-json\/wp\/v2\/media\/1210"}],"wp:attachment":[{"href":"https:\/\/theteahousestore.com\/index.php\/wp-json\/wp\/v2\/media?parent=1209"}],"wp:term":[{"taxonomy":"product_brand","embeddable":true,"href":"https:\/\/theteahousestore.com\/index.php\/wp-json\/wp\/v2\/product_brand?post=1209"},{"taxonomy":"product_cat","embeddable":true,"href":"https:\/\/theteahousestore.com\/index.php\/wp-json\/wp\/v2\/product_cat?post=1209"},{"taxonomy":"product_tag","embeddable":true,"href":"https:\/\/theteahousestore.com\/index.php\/wp-json\/wp\/v2\/product_tag?post=1209"}],"curies":[{"name":"wp","href":"https:\/\/api.w.org\/{rel}","templated":true}]}}