{"id":1207,"date":"2023-08-07T10:59:52","date_gmt":"2023-08-07T08:59:52","guid":{"rendered":"https:\/\/theteahousestore.com\/?post_type=product&#038;p=1207"},"modified":"2023-08-07T10:59:52","modified_gmt":"2023-08-07T08:59:52","slug":"termometro-de-pared","status":"publish","type":"product","link":"https:\/\/theteahousestore.com\/index.php\/product\/termometro-de-pared\/","title":{"rendered":"TERM\u00d3METRO DE PARED \u5976\u8336\u6e29\u5ea6\u8ba1"},"content":{"rendered":"<p>es un instrumento de medici\u00f3n dise\u00f1ado para medir y mostrar la temperatura en una pared, especialmente en el contexto de una tienda de t\u00e9 (\u5976\u8336, n\u01ceich\u00e1) o bebidas<\/p>\n","protected":false},"excerpt":{"rendered":"<p>es un instrumento de medici\u00f3n dise\u00f1ado para medir y mostrar la temperatura en una pared, especialmente en el contexto de una tienda de t\u00e9 (\u5976\u8336, n\u01ceich\u00e1) o bebidas<\/p>\n","protected":false},"featured_media":1208,"comment_status":"open","ping_status":"closed","template":"","meta":[],"product_brand":[],"product_cat":[58,60],"product_tag":[61],"class_list":{"0":"post-1207","1":"product","2":"type-product","3":"status-publish","4":"has-post-thumbnail","6":"product_cat-bubble-tea","7":"product_cat-utensilios-para-bubble-tea","8":"product_tag-bubble-tea","10":"first","11":"instock","12":"shipping-taxable","13":"purchasable","14":"product-type-simple"},"jetpack_sharing_enabled":true,"_links":{"self":[{"href":"https:\/\/theteahousestore.com\/index.php\/wp-json\/wp\/v2\/product\/1207","targetHints":{"allow":["GET"]}}],"collection":[{"href":"https:\/\/theteahousestore.com\/index.php\/wp-json\/wp\/v2\/product"}],"about":[{"href":"https:\/\/theteahousestore.com\/index.php\/wp-json\/wp\/v2\/types\/product"}],"replies":[{"embeddable":true,"href":"https:\/\/theteahousestore.com\/index.php\/wp-json\/wp\/v2\/comments?post=1207"}],"wp:featuredmedia":[{"embeddable":true,"href":"https:\/\/theteahousestore.com\/index.php\/wp-json\/wp\/v2\/media\/1208"}],"wp:attachment":[{"href":"https:\/\/theteahousestore.com\/index.php\/wp-json\/wp\/v2\/media?parent=1207"}],"wp:term":[{"taxonomy":"product_brand","embeddable":true,"href":"https:\/\/theteahousestore.com\/index.php\/wp-json\/wp\/v2\/product_brand?post=1207"},{"taxonomy":"product_cat","embeddable":true,"href":"https:\/\/theteahousestore.com\/index.php\/wp-json\/wp\/v2\/product_cat?post=1207"},{"taxonomy":"product_tag","embeddable":true,"href":"https:\/\/theteahousestore.com\/index.php\/wp-json\/wp\/v2\/product_tag?post=1207"}],"curies":[{"name":"wp","href":"https:\/\/api.w.org\/{rel}","templated":true}]}}