{"id":1196,"date":"2023-08-07T10:59:14","date_gmt":"2023-08-07T08:59:14","guid":{"rendered":"https:\/\/theteahousestore.com\/?post_type=product&#038;p=1196"},"modified":"2023-08-07T10:59:15","modified_gmt":"2023-08-07T08:59:15","slug":"cuchara-de-bar-grande","status":"publish","type":"product","link":"https:\/\/theteahousestore.com\/index.php\/product\/cuchara-de-bar-grande\/","title":{"rendered":"CUCHARA DE BAR GRANDE \u5427\u52fa \u5927"},"content":{"rendered":"<p>una cuchara de mayor tama\u00f1o que se utiliza com\u00fanmente en bares y establecimientos de bebidas para mezclar ingredientes en c\u00f3cteles u otras bebidas.<\/p>\n","protected":false},"excerpt":{"rendered":"<p>una cuchara de mayor tama\u00f1o que se utiliza com\u00fanmente en bares y establecimientos de bebidas para mezclar ingredientes en c\u00f3cteles u otras bebidas.<\/p>\n","protected":false},"featured_media":1199,"comment_status":"open","ping_status":"closed","template":"","meta":[],"product_brand":[],"product_cat":[58,60],"product_tag":[62,61],"class_list":{"0":"post-1196","1":"product","2":"type-product","3":"status-publish","4":"has-post-thumbnail","6":"product_cat-bubble-tea","7":"product_cat-utensilios-para-bubble-tea","8":"product_tag-bu","9":"product_tag-bubble-tea","11":"first","12":"instock","13":"shipping-taxable","14":"purchasable","15":"product-type-simple"},"jetpack_sharing_enabled":true,"_links":{"self":[{"href":"https:\/\/theteahousestore.com\/index.php\/wp-json\/wp\/v2\/product\/1196","targetHints":{"allow":["GET"]}}],"collection":[{"href":"https:\/\/theteahousestore.com\/index.php\/wp-json\/wp\/v2\/product"}],"about":[{"href":"https:\/\/theteahousestore.com\/index.php\/wp-json\/wp\/v2\/types\/product"}],"replies":[{"embeddable":true,"href":"https:\/\/theteahousestore.com\/index.php\/wp-json\/wp\/v2\/comments?post=1196"}],"wp:featuredmedia":[{"embeddable":true,"href":"https:\/\/theteahousestore.com\/index.php\/wp-json\/wp\/v2\/media\/1199"}],"wp:attachment":[{"href":"https:\/\/theteahousestore.com\/index.php\/wp-json\/wp\/v2\/media?parent=1196"}],"wp:term":[{"taxonomy":"product_brand","embeddable":true,"href":"https:\/\/theteahousestore.com\/index.php\/wp-json\/wp\/v2\/product_brand?post=1196"},{"taxonomy":"product_cat","embeddable":true,"href":"https:\/\/theteahousestore.com\/index.php\/wp-json\/wp\/v2\/product_cat?post=1196"},{"taxonomy":"product_tag","embeddable":true,"href":"https:\/\/theteahousestore.com\/index.php\/wp-json\/wp\/v2\/product_tag?post=1196"}],"curies":[{"name":"wp","href":"https:\/\/api.w.org\/{rel}","templated":true}]}}