{"id":1188,"date":"2023-08-07T10:58:22","date_gmt":"2023-08-07T08:58:22","guid":{"rendered":"https:\/\/theteahousestore.com\/?post_type=product&#038;p=1188"},"modified":"2023-08-07T10:58:22","modified_gmt":"2023-08-07T08:58:22","slug":"dispensador-de-azucar","status":"publish","type":"product","link":"https:\/\/theteahousestore.com\/index.php\/product\/dispensador-de-azucar\/","title":{"rendered":"DISPENSADOR DE AZ\u00daCAR \u7cd6\u538b\u74f6"},"content":{"rendered":"<p>un dispositivo utilizado para dispensar o distribuir az\u00facar de manera controlada. Estos dispensadores son comunes en entornos como cafeter\u00edas, restaurantes y hogares, donde se desea agregar una cantidad precisa de az\u00facar a bebidas o alimentos.<\/p>\n","protected":false},"excerpt":{"rendered":"<p>un dispositivo utilizado para dispensar o distribuir az\u00facar de manera controlada. Estos dispensadores son comunes en entornos como cafeter\u00edas, restaurantes y hogares, donde se desea agregar una cantidad precisa de [&hellip;]<\/p>\n","protected":false},"featured_media":1189,"comment_status":"open","ping_status":"closed","template":"","meta":[],"product_brand":[],"product_cat":[58,60],"product_tag":[61],"class_list":{"0":"post-1188","1":"product","2":"type-product","3":"status-publish","4":"has-post-thumbnail","6":"product_cat-bubble-tea","7":"product_cat-utensilios-para-bubble-tea","8":"product_tag-bubble-tea","10":"first","11":"instock","12":"shipping-taxable","13":"purchasable","14":"product-type-simple"},"jetpack_sharing_enabled":true,"_links":{"self":[{"href":"https:\/\/theteahousestore.com\/index.php\/wp-json\/wp\/v2\/product\/1188","targetHints":{"allow":["GET"]}}],"collection":[{"href":"https:\/\/theteahousestore.com\/index.php\/wp-json\/wp\/v2\/product"}],"about":[{"href":"https:\/\/theteahousestore.com\/index.php\/wp-json\/wp\/v2\/types\/product"}],"replies":[{"embeddable":true,"href":"https:\/\/theteahousestore.com\/index.php\/wp-json\/wp\/v2\/comments?post=1188"}],"wp:featuredmedia":[{"embeddable":true,"href":"https:\/\/theteahousestore.com\/index.php\/wp-json\/wp\/v2\/media\/1189"}],"wp:attachment":[{"href":"https:\/\/theteahousestore.com\/index.php\/wp-json\/wp\/v2\/media?parent=1188"}],"wp:term":[{"taxonomy":"product_brand","embeddable":true,"href":"https:\/\/theteahousestore.com\/index.php\/wp-json\/wp\/v2\/product_brand?post=1188"},{"taxonomy":"product_cat","embeddable":true,"href":"https:\/\/theteahousestore.com\/index.php\/wp-json\/wp\/v2\/product_cat?post=1188"},{"taxonomy":"product_tag","embeddable":true,"href":"https:\/\/theteahousestore.com\/index.php\/wp-json\/wp\/v2\/product_tag?post=1188"}],"curies":[{"name":"wp","href":"https:\/\/api.w.org\/{rel}","templated":true}]}}