{"id":1166,"date":"2023-08-05T20:45:58","date_gmt":"2023-08-05T18:45:58","guid":{"rendered":"https:\/\/theteahousestore.com\/?post_type=product&#038;p=1166"},"modified":"2023-08-07T12:08:29","modified_gmt":"2023-08-07T10:08:29","slug":"bolsa-de-taza-para-bubble-tea","status":"publish","type":"product","link":"https:\/\/theteahousestore.com\/index.php\/product\/bolsa-de-taza-para-bubble-tea\/","title":{"rendered":"BOLSA DE TAZA PARA  BUBBLE TEA\u5976\u8336\u4e13\u7528\u676f\u888b\u5355\u676f"},"content":{"rendered":"<p>es una soluci\u00f3n pr\u00e1ctica y elegante para llevar tus bebidas de t\u00e9 de burbujas contigo. Ya sea que est\u00e9s en camino al trabajo, paseando por el parque o simplemente disfrutando de un d\u00eda al aire libre, esta bolsa asegura que puedas disfrutar de tu bebida favorita de manera conveniente y sin complicaciones.<\/p>\n","protected":false},"excerpt":{"rendered":"<p>es una soluci\u00f3n pr\u00e1ctica y elegante para llevar tus bebidas de t\u00e9 de burbujas contigo. Ya sea que est\u00e9s en camino al trabajo, paseando por el parque o simplemente disfrutando de un d\u00eda al aire libre, esta bolsa asegura que puedas disfrutar de tu bebida favorita de manera conveniente y sin complicaciones.<\/p>\n","protected":false},"featured_media":1468,"comment_status":"open","ping_status":"closed","template":"","meta":[],"product_brand":[],"product_cat":[58,60],"product_tag":[61],"class_list":{"0":"post-1166","1":"product","2":"type-product","3":"status-publish","4":"has-post-thumbnail","6":"product_cat-bubble-tea","7":"product_cat-utensilios-para-bubble-tea","8":"product_tag-bubble-tea","10":"first","11":"instock","12":"shipping-taxable","13":"purchasable","14":"product-type-simple"},"jetpack_sharing_enabled":true,"_links":{"self":[{"href":"https:\/\/theteahousestore.com\/index.php\/wp-json\/wp\/v2\/product\/1166","targetHints":{"allow":["GET"]}}],"collection":[{"href":"https:\/\/theteahousestore.com\/index.php\/wp-json\/wp\/v2\/product"}],"about":[{"href":"https:\/\/theteahousestore.com\/index.php\/wp-json\/wp\/v2\/types\/product"}],"replies":[{"embeddable":true,"href":"https:\/\/theteahousestore.com\/index.php\/wp-json\/wp\/v2\/comments?post=1166"}],"wp:featuredmedia":[{"embeddable":true,"href":"https:\/\/theteahousestore.com\/index.php\/wp-json\/wp\/v2\/media\/1468"}],"wp:attachment":[{"href":"https:\/\/theteahousestore.com\/index.php\/wp-json\/wp\/v2\/media?parent=1166"}],"wp:term":[{"taxonomy":"product_brand","embeddable":true,"href":"https:\/\/theteahousestore.com\/index.php\/wp-json\/wp\/v2\/product_brand?post=1166"},{"taxonomy":"product_cat","embeddable":true,"href":"https:\/\/theteahousestore.com\/index.php\/wp-json\/wp\/v2\/product_cat?post=1166"},{"taxonomy":"product_tag","embeddable":true,"href":"https:\/\/theteahousestore.com\/index.php\/wp-json\/wp\/v2\/product_tag?post=1166"}],"curies":[{"name":"wp","href":"https:\/\/api.w.org\/{rel}","templated":true}]}}