{"id":1161,"date":"2023-08-05T19:03:26","date_gmt":"2023-08-05T17:03:26","guid":{"rendered":"https:\/\/theteahousestore.com\/?post_type=product&#038;p=1161"},"modified":"2023-08-05T19:03:26","modified_gmt":"2023-08-05T17:03:26","slug":"pajitas-bubble-tea-19cm-100u","status":"publish","type":"product","link":"https:\/\/theteahousestore.com\/index.php\/product\/pajitas-bubble-tea-19cm-100u\/","title":{"rendered":"PAJITAS BUBBLE TEA 19CM 100U\u73cd\u73e0\u5438\u7ba1"},"content":{"rendered":"<p>son esenciales para los amantes del t\u00e9 de burbujas que desean disfrutar de cada elemento de su bebida. Con una amplia variedad de estilos y materiales, estas pajitas est\u00e1n dise\u00f1adas para satisfacer tus necesidades y preferencias mientras a\u00f1ades un toque de diversi\u00f3n a tu experiencia de bebida.<\/p>\n","protected":false},"excerpt":{"rendered":"<p>son esenciales para los amantes del t\u00e9 de burbujas que desean disfrutar de cada elemento de su bebida. Con una amplia variedad de estilos y materiales, estas pajitas est\u00e1n dise\u00f1adas para satisfacer tus necesidades y preferencias mientras a\u00f1ades un toque de diversi\u00f3n a tu experiencia de bebida.<\/p>\n","protected":false},"featured_media":1163,"comment_status":"open","ping_status":"closed","template":"","meta":[],"product_brand":[],"product_cat":[58,60],"product_tag":[61],"class_list":{"0":"post-1161","1":"product","2":"type-product","3":"status-publish","4":"has-post-thumbnail","6":"product_cat-bubble-tea","7":"product_cat-utensilios-para-bubble-tea","8":"product_tag-bubble-tea","10":"first","11":"instock","12":"shipping-taxable","13":"purchasable","14":"product-type-simple"},"jetpack_sharing_enabled":true,"_links":{"self":[{"href":"https:\/\/theteahousestore.com\/index.php\/wp-json\/wp\/v2\/product\/1161","targetHints":{"allow":["GET"]}}],"collection":[{"href":"https:\/\/theteahousestore.com\/index.php\/wp-json\/wp\/v2\/product"}],"about":[{"href":"https:\/\/theteahousestore.com\/index.php\/wp-json\/wp\/v2\/types\/product"}],"replies":[{"embeddable":true,"href":"https:\/\/theteahousestore.com\/index.php\/wp-json\/wp\/v2\/comments?post=1161"}],"wp:featuredmedia":[{"embeddable":true,"href":"https:\/\/theteahousestore.com\/index.php\/wp-json\/wp\/v2\/media\/1163"}],"wp:attachment":[{"href":"https:\/\/theteahousestore.com\/index.php\/wp-json\/wp\/v2\/media?parent=1161"}],"wp:term":[{"taxonomy":"product_brand","embeddable":true,"href":"https:\/\/theteahousestore.com\/index.php\/wp-json\/wp\/v2\/product_brand?post=1161"},{"taxonomy":"product_cat","embeddable":true,"href":"https:\/\/theteahousestore.com\/index.php\/wp-json\/wp\/v2\/product_cat?post=1161"},{"taxonomy":"product_tag","embeddable":true,"href":"https:\/\/theteahousestore.com\/index.php\/wp-json\/wp\/v2\/product_tag?post=1161"}],"curies":[{"name":"wp","href":"https:\/\/api.w.org\/{rel}","templated":true}]}}