{"id":1160,"date":"2023-08-05T20:45:47","date_gmt":"2023-08-05T18:45:47","guid":{"rendered":"https:\/\/theteahousestore.com\/?post_type=product&#038;p=1160"},"modified":"2023-08-05T20:45:47","modified_gmt":"2023-08-05T18:45:47","slug":"pajitas-ecologicas-bubble-tea-23cm-100u","status":"publish","type":"product","link":"https:\/\/theteahousestore.com\/index.php\/product\/pajitas-ecologicas-bubble-tea-23cm-100u\/","title":{"rendered":"PAJITAS ECOL\u00d3GICAS BUBBLE TEA 23CM 100U\u73af\u4fdd\u73cd\u73e0\u5438\u7ba1"},"content":{"rendered":"<p>son una opci\u00f3n consciente para disfrutar de tus bebidas favoritas de manera sostenible. Contribuye a la reducci\u00f3n de residuos pl\u00e1sticos y disfruta de tus bebidas con la satisfacci\u00f3n de tomar decisiones amigables con el medio ambiente.<\/p>\n","protected":false},"excerpt":{"rendered":"<p>son una opci\u00f3n consciente para disfrutar de tus bebidas favoritas de manera sostenible. Contribuye a la reducci\u00f3n de residuos pl\u00e1sticos y disfruta de tus bebidas con la satisfacci\u00f3n de tomar decisiones amigables con el medio ambiente.<\/p>\n","protected":false},"featured_media":1164,"comment_status":"open","ping_status":"closed","template":"","meta":[],"product_brand":[],"product_cat":[58,60],"product_tag":[61],"class_list":{"0":"post-1160","1":"product","2":"type-product","3":"status-publish","4":"has-post-thumbnail","6":"product_cat-bubble-tea","7":"product_cat-utensilios-para-bubble-tea","8":"product_tag-bubble-tea","10":"first","11":"instock","12":"shipping-taxable","13":"purchasable","14":"product-type-simple"},"jetpack_sharing_enabled":true,"_links":{"self":[{"href":"https:\/\/theteahousestore.com\/index.php\/wp-json\/wp\/v2\/product\/1160","targetHints":{"allow":["GET"]}}],"collection":[{"href":"https:\/\/theteahousestore.com\/index.php\/wp-json\/wp\/v2\/product"}],"about":[{"href":"https:\/\/theteahousestore.com\/index.php\/wp-json\/wp\/v2\/types\/product"}],"replies":[{"embeddable":true,"href":"https:\/\/theteahousestore.com\/index.php\/wp-json\/wp\/v2\/comments?post=1160"}],"wp:featuredmedia":[{"embeddable":true,"href":"https:\/\/theteahousestore.com\/index.php\/wp-json\/wp\/v2\/media\/1164"}],"wp:attachment":[{"href":"https:\/\/theteahousestore.com\/index.php\/wp-json\/wp\/v2\/media?parent=1160"}],"wp:term":[{"taxonomy":"product_brand","embeddable":true,"href":"https:\/\/theteahousestore.com\/index.php\/wp-json\/wp\/v2\/product_brand?post=1160"},{"taxonomy":"product_cat","embeddable":true,"href":"https:\/\/theteahousestore.com\/index.php\/wp-json\/wp\/v2\/product_cat?post=1160"},{"taxonomy":"product_tag","embeddable":true,"href":"https:\/\/theteahousestore.com\/index.php\/wp-json\/wp\/v2\/product_tag?post=1160"}],"curies":[{"name":"wp","href":"https:\/\/api.w.org\/{rel}","templated":true}]}}