{"id":1151,"date":"2023-08-05T16:44:28","date_gmt":"2023-08-05T14:44:28","guid":{"rendered":"https:\/\/theteahousestore.com\/?post_type=product&#038;p=1151"},"modified":"2023-08-05T16:44:28","modified_gmt":"2023-08-05T14:44:28","slug":"copa-plastico-para-bubble-tea-500ml-25u","status":"publish","type":"product","link":"https:\/\/theteahousestore.com\/index.php\/product\/copa-plastico-para-bubble-tea-500ml-25u\/","title":{"rendered":"COPA PL\u00c1STICO PARA BUBBLE TEA 500ML 25U. \u786c\u5149\u676f 500ML"},"content":{"rendered":"<p>es una opci\u00f3n pr\u00e1ctica y atractiva para disfrutar de tus bebidas favoritas. Ya sea que est\u00e9s relaj\u00e1ndote en casa o en movimiento, esta copa pl\u00e1stica te acompa\u00f1a en cada sorbo, aportando un toque de conveniencia y estilo a tu experiencia de bebida.<\/p>\n","protected":false},"excerpt":{"rendered":"<p>es una opci\u00f3n pr\u00e1ctica y atractiva para disfrutar de tus bebidas favoritas. Ya sea que est\u00e9s relaj\u00e1ndote en casa o en movimiento, esta copa pl\u00e1stica te acompa\u00f1a en cada sorbo, aportando un toque de conveniencia y estilo a tu experiencia de bebida.<\/p>\n","protected":false},"featured_media":1152,"comment_status":"open","ping_status":"closed","template":"","meta":[],"product_brand":[],"product_cat":[58,60],"product_tag":[61],"class_list":{"0":"post-1151","1":"product","2":"type-product","3":"status-publish","4":"has-post-thumbnail","6":"product_cat-bubble-tea","7":"product_cat-utensilios-para-bubble-tea","8":"product_tag-bubble-tea","10":"first","11":"instock","12":"shipping-taxable","13":"purchasable","14":"product-type-simple"},"jetpack_sharing_enabled":true,"_links":{"self":[{"href":"https:\/\/theteahousestore.com\/index.php\/wp-json\/wp\/v2\/product\/1151","targetHints":{"allow":["GET"]}}],"collection":[{"href":"https:\/\/theteahousestore.com\/index.php\/wp-json\/wp\/v2\/product"}],"about":[{"href":"https:\/\/theteahousestore.com\/index.php\/wp-json\/wp\/v2\/types\/product"}],"replies":[{"embeddable":true,"href":"https:\/\/theteahousestore.com\/index.php\/wp-json\/wp\/v2\/comments?post=1151"}],"wp:featuredmedia":[{"embeddable":true,"href":"https:\/\/theteahousestore.com\/index.php\/wp-json\/wp\/v2\/media\/1152"}],"wp:attachment":[{"href":"https:\/\/theteahousestore.com\/index.php\/wp-json\/wp\/v2\/media?parent=1151"}],"wp:term":[{"taxonomy":"product_brand","embeddable":true,"href":"https:\/\/theteahousestore.com\/index.php\/wp-json\/wp\/v2\/product_brand?post=1151"},{"taxonomy":"product_cat","embeddable":true,"href":"https:\/\/theteahousestore.com\/index.php\/wp-json\/wp\/v2\/product_cat?post=1151"},{"taxonomy":"product_tag","embeddable":true,"href":"https:\/\/theteahousestore.com\/index.php\/wp-json\/wp\/v2\/product_tag?post=1151"}],"curies":[{"name":"wp","href":"https:\/\/api.w.org\/{rel}","templated":true}]}}