{"id":1115,"date":"2023-08-04T19:44:44","date_gmt":"2023-08-04T17:44:44","guid":{"rendered":"https:\/\/theteahousestore.com\/?post_type=product&#038;p=1115"},"modified":"2023-08-04T19:44:44","modified_gmt":"2023-08-04T17:44:44","slug":"zumo-de-litchi-2-5kg","status":"publish","type":"product","link":"https:\/\/theteahousestore.com\/index.php\/product\/zumo-de-litchi-2-5kg\/","title":{"rendered":"ZUMO DE LITCHI 2.5KG \u8354\u679d\u6c41"},"content":{"rendered":"<p>Este zumo de litchi concentrado te ofrece la aut\u00e9ntica esencia de la fruta del litchi en una presentaci\u00f3n pr\u00e1ctica que te permite disfrutar de su sabor \u00fanico en diversas preparaciones culinarias.<\/p>\n","protected":false},"excerpt":{"rendered":"<p>Este zumo de litchi concentrado te ofrece la aut\u00e9ntica esencia de la fruta del litchi en una presentaci\u00f3n pr\u00e1ctica que te permite disfrutar de su sabor \u00fanico en diversas preparaciones culinarias.<\/p>\n","protected":false},"featured_media":1116,"comment_status":"open","ping_status":"closed","template":"","meta":[],"product_brand":[],"product_cat":[58,59],"product_tag":[61],"class_list":{"0":"post-1115","1":"product","2":"type-product","3":"status-publish","4":"has-post-thumbnail","6":"product_cat-bubble-tea","7":"product_cat-materias-prima","8":"product_tag-bubble-tea","10":"first","11":"instock","12":"shipping-taxable","13":"purchasable","14":"product-type-simple"},"jetpack_sharing_enabled":true,"_links":{"self":[{"href":"https:\/\/theteahousestore.com\/index.php\/wp-json\/wp\/v2\/product\/1115","targetHints":{"allow":["GET"]}}],"collection":[{"href":"https:\/\/theteahousestore.com\/index.php\/wp-json\/wp\/v2\/product"}],"about":[{"href":"https:\/\/theteahousestore.com\/index.php\/wp-json\/wp\/v2\/types\/product"}],"replies":[{"embeddable":true,"href":"https:\/\/theteahousestore.com\/index.php\/wp-json\/wp\/v2\/comments?post=1115"}],"wp:featuredmedia":[{"embeddable":true,"href":"https:\/\/theteahousestore.com\/index.php\/wp-json\/wp\/v2\/media\/1116"}],"wp:attachment":[{"href":"https:\/\/theteahousestore.com\/index.php\/wp-json\/wp\/v2\/media?parent=1115"}],"wp:term":[{"taxonomy":"product_brand","embeddable":true,"href":"https:\/\/theteahousestore.com\/index.php\/wp-json\/wp\/v2\/product_brand?post=1115"},{"taxonomy":"product_cat","embeddable":true,"href":"https:\/\/theteahousestore.com\/index.php\/wp-json\/wp\/v2\/product_cat?post=1115"},{"taxonomy":"product_tag","embeddable":true,"href":"https:\/\/theteahousestore.com\/index.php\/wp-json\/wp\/v2\/product_tag?post=1115"}],"curies":[{"name":"wp","href":"https:\/\/api.w.org\/{rel}","templated":true}]}}