{"id":1111,"date":"2023-08-04T19:15:32","date_gmt":"2023-08-04T17:15:32","guid":{"rendered":"https:\/\/theteahousestore.com\/?post_type=product&#038;p=1111"},"modified":"2023-08-04T19:15:32","modified_gmt":"2023-08-04T17:15:32","slug":"tapioca-cocido","status":"publish","type":"product","link":"https:\/\/theteahousestore.com\/index.php\/product\/tapioca-cocido\/","title":{"rendered":"TAPIOCA COCIDO \u514d\u716e\u73cd\u73e0500G"},"content":{"rendered":"<p>es la elecci\u00f3n perfecta para a\u00f1adir un toque de diversi\u00f3n y textura a tus creaciones culinarias. Desde bebidas vibrantes hasta postres indulgentes, estas perlas de tapioca cocidas elevan tus platos a nuevas alturas de sabor y disfrute.<\/p>\n","protected":false},"excerpt":{"rendered":"<p>es la elecci\u00f3n perfecta para a\u00f1adir un toque de diversi\u00f3n y textura a tus creaciones culinarias. Desde bebidas vibrantes hasta postres indulgentes, estas perlas de tapioca cocidas elevan tus platos a nuevas alturas de sabor y disfrute.<\/p>\n","protected":false},"featured_media":1112,"comment_status":"open","ping_status":"closed","template":"","meta":[],"product_brand":[],"product_cat":[58,59],"product_tag":[61],"class_list":{"0":"post-1111","1":"product","2":"type-product","3":"status-publish","4":"has-post-thumbnail","6":"product_cat-bubble-tea","7":"product_cat-materias-prima","8":"product_tag-bubble-tea","10":"first","11":"instock","12":"shipping-taxable","13":"purchasable","14":"product-type-simple"},"jetpack_sharing_enabled":true,"_links":{"self":[{"href":"https:\/\/theteahousestore.com\/index.php\/wp-json\/wp\/v2\/product\/1111","targetHints":{"allow":["GET"]}}],"collection":[{"href":"https:\/\/theteahousestore.com\/index.php\/wp-json\/wp\/v2\/product"}],"about":[{"href":"https:\/\/theteahousestore.com\/index.php\/wp-json\/wp\/v2\/types\/product"}],"replies":[{"embeddable":true,"href":"https:\/\/theteahousestore.com\/index.php\/wp-json\/wp\/v2\/comments?post=1111"}],"wp:featuredmedia":[{"embeddable":true,"href":"https:\/\/theteahousestore.com\/index.php\/wp-json\/wp\/v2\/media\/1112"}],"wp:attachment":[{"href":"https:\/\/theteahousestore.com\/index.php\/wp-json\/wp\/v2\/media?parent=1111"}],"wp:term":[{"taxonomy":"product_brand","embeddable":true,"href":"https:\/\/theteahousestore.com\/index.php\/wp-json\/wp\/v2\/product_brand?post=1111"},{"taxonomy":"product_cat","embeddable":true,"href":"https:\/\/theteahousestore.com\/index.php\/wp-json\/wp\/v2\/product_cat?post=1111"},{"taxonomy":"product_tag","embeddable":true,"href":"https:\/\/theteahousestore.com\/index.php\/wp-json\/wp\/v2\/product_tag?post=1111"}],"curies":[{"name":"wp","href":"https:\/\/api.w.org\/{rel}","templated":true}]}}