{"id":1106,"date":"2023-08-04T18:12:52","date_gmt":"2023-08-04T16:12:52","guid":{"rendered":"https:\/\/theteahousestore.com\/?post_type=product&#038;p=1106"},"modified":"2023-11-27T12:38:48","modified_gmt":"2023-11-27T11:38:48","slug":"jasmine-green-tea-for-bubble-tea","status":"publish","type":"product","link":"https:\/\/theteahousestore.com\/index.php\/product\/jasmine-green-tea-for-bubble-tea\/","title":{"rendered":"JASMINE GREEN TEA FOR BUBBLE TEA \u8309\u8389\u7eff\u8336\u5976\u8336\u4e13\u7528"},"content":{"rendered":"<p>Esta mezcla especial de t\u00e9 verde con aroma a jazm\u00edn ha sido cuidadosamente dise\u00f1ada para elevar tus bebidas de t\u00e9 burbuja a nuevas alturas de frescura y delicia.<\/p>\n","protected":false},"excerpt":{"rendered":"<p>Esta mezcla especial de t\u00e9 verde con aroma a jazm\u00edn ha sido cuidadosamente dise\u00f1ada para elevar tus bebidas de t\u00e9 burbuja a nuevas alturas de frescura y delicia.<\/p>\n","protected":false},"featured_media":1097,"comment_status":"open","ping_status":"closed","template":"","meta":[],"product_brand":[],"product_cat":[58,59],"product_tag":[61],"class_list":{"0":"post-1106","1":"product","2":"type-product","3":"status-publish","4":"has-post-thumbnail","6":"product_cat-bubble-tea","7":"product_cat-materias-prima","8":"product_tag-bubble-tea","10":"first","11":"instock","12":"shipping-taxable","13":"purchasable","14":"product-type-simple"},"jetpack_sharing_enabled":true,"_links":{"self":[{"href":"https:\/\/theteahousestore.com\/index.php\/wp-json\/wp\/v2\/product\/1106","targetHints":{"allow":["GET"]}}],"collection":[{"href":"https:\/\/theteahousestore.com\/index.php\/wp-json\/wp\/v2\/product"}],"about":[{"href":"https:\/\/theteahousestore.com\/index.php\/wp-json\/wp\/v2\/types\/product"}],"replies":[{"embeddable":true,"href":"https:\/\/theteahousestore.com\/index.php\/wp-json\/wp\/v2\/comments?post=1106"}],"wp:featuredmedia":[{"embeddable":true,"href":"https:\/\/theteahousestore.com\/index.php\/wp-json\/wp\/v2\/media\/1097"}],"wp:attachment":[{"href":"https:\/\/theteahousestore.com\/index.php\/wp-json\/wp\/v2\/media?parent=1106"}],"wp:term":[{"taxonomy":"product_brand","embeddable":true,"href":"https:\/\/theteahousestore.com\/index.php\/wp-json\/wp\/v2\/product_brand?post=1106"},{"taxonomy":"product_cat","embeddable":true,"href":"https:\/\/theteahousestore.com\/index.php\/wp-json\/wp\/v2\/product_cat?post=1106"},{"taxonomy":"product_tag","embeddable":true,"href":"https:\/\/theteahousestore.com\/index.php\/wp-json\/wp\/v2\/product_tag?post=1106"}],"curies":[{"name":"wp","href":"https:\/\/api.w.org\/{rel}","templated":true}]}}