{"id":1103,"date":"2023-08-04T17:35:05","date_gmt":"2023-08-04T15:35:05","guid":{"rendered":"https:\/\/theteahousestore.com\/?post_type=product&#038;p=1103"},"modified":"2024-01-30T01:28:27","modified_gmt":"2024-01-30T00:28:27","slug":"green-tea","status":"publish","type":"product","link":"https:\/\/theteahousestore.com\/index.php\/product\/green-tea\/","title":{"rendered":"GREEN TEA \u7eff\u7814 500G"},"content":{"rendered":"<p>te brinda un refugio de serenidad en cada sorbo. Desde momentos de relajaci\u00f3n hasta encuentros sociales, este t\u00e9 verde te acompa\u00f1a en tu viaje hacia un bienestar equilibrado.<\/p>\n","protected":false},"excerpt":{"rendered":"<p>te brinda un refugio de serenidad en cada sorbo. Desde momentos de relajaci\u00f3n hasta encuentros sociales, este t\u00e9 verde te acompa\u00f1a en tu viaje hacia un bienestar equilibrado.<\/p>\n","protected":false},"featured_media":1100,"comment_status":"open","ping_status":"closed","template":"","meta":[],"product_brand":[],"product_cat":[58,59],"product_tag":[61],"class_list":{"0":"post-1103","1":"product","2":"type-product","3":"status-publish","4":"has-post-thumbnail","6":"product_cat-bubble-tea","7":"product_cat-materias-prima","8":"product_tag-bubble-tea","10":"first","11":"instock","12":"shipping-taxable","13":"purchasable","14":"product-type-simple"},"jetpack_sharing_enabled":true,"_links":{"self":[{"href":"https:\/\/theteahousestore.com\/index.php\/wp-json\/wp\/v2\/product\/1103","targetHints":{"allow":["GET"]}}],"collection":[{"href":"https:\/\/theteahousestore.com\/index.php\/wp-json\/wp\/v2\/product"}],"about":[{"href":"https:\/\/theteahousestore.com\/index.php\/wp-json\/wp\/v2\/types\/product"}],"replies":[{"embeddable":true,"href":"https:\/\/theteahousestore.com\/index.php\/wp-json\/wp\/v2\/comments?post=1103"}],"wp:featuredmedia":[{"embeddable":true,"href":"https:\/\/theteahousestore.com\/index.php\/wp-json\/wp\/v2\/media\/1100"}],"wp:attachment":[{"href":"https:\/\/theteahousestore.com\/index.php\/wp-json\/wp\/v2\/media?parent=1103"}],"wp:term":[{"taxonomy":"product_brand","embeddable":true,"href":"https:\/\/theteahousestore.com\/index.php\/wp-json\/wp\/v2\/product_brand?post=1103"},{"taxonomy":"product_cat","embeddable":true,"href":"https:\/\/theteahousestore.com\/index.php\/wp-json\/wp\/v2\/product_cat?post=1103"},{"taxonomy":"product_tag","embeddable":true,"href":"https:\/\/theteahousestore.com\/index.php\/wp-json\/wp\/v2\/product_tag?post=1103"}],"curies":[{"name":"wp","href":"https:\/\/api.w.org\/{rel}","templated":true}]}}