{"id":1096,"date":"2023-08-04T17:05:36","date_gmt":"2023-08-04T15:05:36","guid":{"rendered":"https:\/\/theteahousestore.com\/?post_type=product&#038;p=1096"},"modified":"2024-03-08T10:13:13","modified_gmt":"2024-03-08T09:13:13","slug":"jasmine-green-tea","status":"publish","type":"product","link":"https:\/\/theteahousestore.com\/index.php\/product\/jasmine-green-tea\/","title":{"rendered":"JASMINE GREEN TEA \u8309\u8389\u7eff\u8336 500g"},"content":{"rendered":"<p>Esta infusi\u00f3n combina la frescura natural del t\u00e9 verde con la fragancia embriagadora de las flores de jazm\u00edn, creando una bebida que cautivar\u00e1 tus sentidos y te transportar\u00e1 a un jard\u00edn en plena floraci\u00f3n.<\/p>\n","protected":false},"excerpt":{"rendered":"<p>Esta infusi\u00f3n combina la frescura natural del t\u00e9 verde con la fragancia embriagadora de las flores de jazm\u00edn, creando una bebida que cautivar\u00e1 tus sentidos y te transportar\u00e1 a un jard\u00edn en plena floraci\u00f3n.<\/p>\n","protected":false},"featured_media":1102,"comment_status":"open","ping_status":"closed","template":"","meta":[],"product_brand":[],"product_cat":[58,59],"product_tag":[61],"class_list":{"0":"post-1096","1":"product","2":"type-product","3":"status-publish","4":"has-post-thumbnail","6":"product_cat-bubble-tea","7":"product_cat-materias-prima","8":"product_tag-bubble-tea","10":"first","11":"instock","12":"shipping-taxable","13":"purchasable","14":"product-type-simple"},"jetpack_sharing_enabled":true,"_links":{"self":[{"href":"https:\/\/theteahousestore.com\/index.php\/wp-json\/wp\/v2\/product\/1096","targetHints":{"allow":["GET"]}}],"collection":[{"href":"https:\/\/theteahousestore.com\/index.php\/wp-json\/wp\/v2\/product"}],"about":[{"href":"https:\/\/theteahousestore.com\/index.php\/wp-json\/wp\/v2\/types\/product"}],"replies":[{"embeddable":true,"href":"https:\/\/theteahousestore.com\/index.php\/wp-json\/wp\/v2\/comments?post=1096"}],"wp:featuredmedia":[{"embeddable":true,"href":"https:\/\/theteahousestore.com\/index.php\/wp-json\/wp\/v2\/media\/1102"}],"wp:attachment":[{"href":"https:\/\/theteahousestore.com\/index.php\/wp-json\/wp\/v2\/media?parent=1096"}],"wp:term":[{"taxonomy":"product_brand","embeddable":true,"href":"https:\/\/theteahousestore.com\/index.php\/wp-json\/wp\/v2\/product_brand?post=1096"},{"taxonomy":"product_cat","embeddable":true,"href":"https:\/\/theteahousestore.com\/index.php\/wp-json\/wp\/v2\/product_cat?post=1096"},{"taxonomy":"product_tag","embeddable":true,"href":"https:\/\/theteahousestore.com\/index.php\/wp-json\/wp\/v2\/product_tag?post=1096"}],"curies":[{"name":"wp","href":"https:\/\/api.w.org\/{rel}","templated":true}]}}