{"id":1079,"date":"2023-08-03T20:14:41","date_gmt":"2023-08-03T18:14:41","guid":{"rendered":"https:\/\/theteahousestore.com\/?post_type=product&#038;p=1079"},"modified":"2024-12-01T09:05:43","modified_gmt":"2024-12-01T08:05:43","slug":"matcha-c-3-powder-100g","status":"publish","type":"product","link":"https:\/\/theteahousestore.com\/index.php\/product\/matcha-c-3-powder-100g\/","title":{"rendered":"MATCHA C-3 POWDER 100G \u62b9\u8336C-3\u7c89 100G"},"content":{"rendered":"<p>El polvo de matcha C-3 en presentaci\u00f3n de 50g es una opci\u00f3n conveniente para aquellos que desean disfrutar de la aut\u00e9ntica experiencia del t\u00e9 matcha en casa y explorar la diversidad de sus aplicaciones en la gastronom\u00eda y la reposter\u00eda.<\/p>\n","protected":false},"excerpt":{"rendered":"<p>El polvo de matcha C-3 en presentaci\u00f3n de 50g es una opci\u00f3n conveniente para aquellos que desean disfrutar de la aut\u00e9ntica experiencia del t\u00e9 matcha en casa y explorar la diversidad de sus aplicaciones en la gastronom\u00eda y la reposter\u00eda.<\/p>\n","protected":false},"featured_media":1063,"comment_status":"open","ping_status":"closed","template":"","meta":[],"product_brand":[],"product_cat":[58,59],"product_tag":[61],"class_list":{"0":"post-1079","1":"product","2":"type-product","3":"status-publish","4":"has-post-thumbnail","6":"product_cat-bubble-tea","7":"product_cat-materias-prima","8":"product_tag-bubble-tea","10":"first","11":"outofstock","12":"shipping-taxable","13":"purchasable","14":"product-type-simple"},"jetpack_sharing_enabled":true,"_links":{"self":[{"href":"https:\/\/theteahousestore.com\/index.php\/wp-json\/wp\/v2\/product\/1079","targetHints":{"allow":["GET"]}}],"collection":[{"href":"https:\/\/theteahousestore.com\/index.php\/wp-json\/wp\/v2\/product"}],"about":[{"href":"https:\/\/theteahousestore.com\/index.php\/wp-json\/wp\/v2\/types\/product"}],"replies":[{"embeddable":true,"href":"https:\/\/theteahousestore.com\/index.php\/wp-json\/wp\/v2\/comments?post=1079"}],"wp:featuredmedia":[{"embeddable":true,"href":"https:\/\/theteahousestore.com\/index.php\/wp-json\/wp\/v2\/media\/1063"}],"wp:attachment":[{"href":"https:\/\/theteahousestore.com\/index.php\/wp-json\/wp\/v2\/media?parent=1079"}],"wp:term":[{"taxonomy":"product_brand","embeddable":true,"href":"https:\/\/theteahousestore.com\/index.php\/wp-json\/wp\/v2\/product_brand?post=1079"},{"taxonomy":"product_cat","embeddable":true,"href":"https:\/\/theteahousestore.com\/index.php\/wp-json\/wp\/v2\/product_cat?post=1079"},{"taxonomy":"product_tag","embeddable":true,"href":"https:\/\/theteahousestore.com\/index.php\/wp-json\/wp\/v2\/product_tag?post=1079"}],"curies":[{"name":"wp","href":"https:\/\/api.w.org\/{rel}","templated":true}]}}