{"id":1072,"date":"2023-08-03T19:43:00","date_gmt":"2023-08-03T17:43:00","guid":{"rendered":"https:\/\/theteahousestore.com\/?post_type=product&#038;p=1072"},"modified":"2025-04-29T19:42:52","modified_gmt":"2025-04-29T17:42:52","slug":"thai-flavor-tea-powder-50g-2","status":"publish","type":"product","link":"https:\/\/theteahousestore.com\/index.php\/product\/thai-flavor-tea-powder-50g-2\/","title":{"rendered":"THAI FLAVOR TEA POWDER 50G \u6cf0\u5f0f\u5976\u8336\u7c8950G"},"content":{"rendered":"<p>es una deliciosa bebida con un sabor \u00fanico y ex\u00f3tico, que combina el aroma del t\u00e9 negro con el dulzor de la leche condensada y las especias. El Thai Flavor Tea Powder ha ganado popularidad en todo el mundo y es una opci\u00f3n conveniente para aquellos que desean disfrutar del aut\u00e9ntico sabor del Thai Milk Tea en casa o en establecimientos especializados en bubble tea.<\/p>\n","protected":false},"excerpt":{"rendered":"<p>es una deliciosa bebida con un sabor \u00fanico y ex\u00f3tico, que combina el aroma del t\u00e9 negro con el dulzor de la leche condensada y las especias. El Thai Flavor Tea Powder ha ganado popularidad en todo el mundo y es una opci\u00f3n conveniente para aquellos que desean disfrutar del aut\u00e9ntico sabor del Thai Milk Tea en casa o en establecimientos especializados en bubble tea.<\/p>\n","protected":false},"featured_media":1057,"comment_status":"open","ping_status":"closed","template":"","meta":[],"product_brand":[],"product_cat":[58,59],"product_tag":[61],"class_list":{"0":"post-1072","1":"product","2":"type-product","3":"status-publish","4":"has-post-thumbnail","6":"product_cat-bubble-tea","7":"product_cat-materias-prima","8":"product_tag-bubble-tea","10":"first","11":"instock","12":"shipping-taxable","13":"purchasable","14":"product-type-simple"},"jetpack_sharing_enabled":true,"_links":{"self":[{"href":"https:\/\/theteahousestore.com\/index.php\/wp-json\/wp\/v2\/product\/1072","targetHints":{"allow":["GET"]}}],"collection":[{"href":"https:\/\/theteahousestore.com\/index.php\/wp-json\/wp\/v2\/product"}],"about":[{"href":"https:\/\/theteahousestore.com\/index.php\/wp-json\/wp\/v2\/types\/product"}],"replies":[{"embeddable":true,"href":"https:\/\/theteahousestore.com\/index.php\/wp-json\/wp\/v2\/comments?post=1072"}],"wp:featuredmedia":[{"embeddable":true,"href":"https:\/\/theteahousestore.com\/index.php\/wp-json\/wp\/v2\/media\/1057"}],"wp:attachment":[{"href":"https:\/\/theteahousestore.com\/index.php\/wp-json\/wp\/v2\/media?parent=1072"}],"wp:term":[{"taxonomy":"product_brand","embeddable":true,"href":"https:\/\/theteahousestore.com\/index.php\/wp-json\/wp\/v2\/product_brand?post=1072"},{"taxonomy":"product_cat","embeddable":true,"href":"https:\/\/theteahousestore.com\/index.php\/wp-json\/wp\/v2\/product_cat?post=1072"},{"taxonomy":"product_tag","embeddable":true,"href":"https:\/\/theteahousestore.com\/index.php\/wp-json\/wp\/v2\/product_tag?post=1072"}],"curies":[{"name":"wp","href":"https:\/\/api.w.org\/{rel}","templated":true}]}}