{"id":1024,"date":"2023-08-03T11:23:01","date_gmt":"2023-08-03T09:23:01","guid":{"rendered":"https:\/\/theteahousestore.com\/?post_type=product&#038;p=1024"},"modified":"2023-08-03T11:23:01","modified_gmt":"2023-08-03T09:23:01","slug":"chino-retro-calabaza-afortunado-pequeno","status":"publish","type":"product","link":"https:\/\/theteahousestore.com\/index.php\/product\/chino-retro-calabaza-afortunado-pequeno\/","title":{"rendered":"CHINO RETRO CALABAZA AFORTUNADO-PEQUE\u00d1O \u767e\u798f\u6765\u798f\u846b\u82a6-\u5c0f"},"content":{"rendered":"<p>\u00ab\u767e\u798f\u6765\u798f\u846b\u82a6-\u5c0f\u00bb es una encantadora pieza decorativa en estilo chino retro que representa la b\u00fasqueda de la buena fortuna y la prosperidad. Con forma de calabaza, simboliza la abundancia y se asocia con cien bendiciones y cien fortunas. Esta versi\u00f3n m\u00e1s peque\u00f1a es ideal para decorar el hogar u oficina y atraer energ\u00edas positivas y auspiciosas seg\u00fan la creencia china.<\/p>\n","protected":false},"excerpt":{"rendered":"<p>\u00ab\u767e\u798f\u6765\u798f\u846b\u82a6-\u5c0f\u00bb es una encantadora pieza decorativa en estilo chino retro que representa la b\u00fasqueda de la buena fortuna y la prosperidad. Con forma de calabaza, simboliza la abundancia y se asocia con cien bendiciones y cien fortunas. Esta versi\u00f3n m\u00e1s peque\u00f1a es ideal para decorar el hogar u oficina y atraer energ\u00edas positivas y auspiciosas seg\u00fan la creencia china.<\/p>\n","protected":false},"featured_media":1026,"comment_status":"open","ping_status":"closed","template":"","meta":[],"product_brand":[],"product_cat":[56],"product_tag":[57],"class_list":{"0":"post-1024","1":"product","2":"type-product","3":"status-publish","4":"has-post-thumbnail","6":"product_cat-adornos","7":"product_tag-adornos","9":"first","10":"instock","11":"shipping-taxable","12":"purchasable","13":"product-type-simple"},"jetpack_sharing_enabled":true,"_links":{"self":[{"href":"https:\/\/theteahousestore.com\/index.php\/wp-json\/wp\/v2\/product\/1024","targetHints":{"allow":["GET"]}}],"collection":[{"href":"https:\/\/theteahousestore.com\/index.php\/wp-json\/wp\/v2\/product"}],"about":[{"href":"https:\/\/theteahousestore.com\/index.php\/wp-json\/wp\/v2\/types\/product"}],"replies":[{"embeddable":true,"href":"https:\/\/theteahousestore.com\/index.php\/wp-json\/wp\/v2\/comments?post=1024"}],"wp:featuredmedia":[{"embeddable":true,"href":"https:\/\/theteahousestore.com\/index.php\/wp-json\/wp\/v2\/media\/1026"}],"wp:attachment":[{"href":"https:\/\/theteahousestore.com\/index.php\/wp-json\/wp\/v2\/media?parent=1024"}],"wp:term":[{"taxonomy":"product_brand","embeddable":true,"href":"https:\/\/theteahousestore.com\/index.php\/wp-json\/wp\/v2\/product_brand?post=1024"},{"taxonomy":"product_cat","embeddable":true,"href":"https:\/\/theteahousestore.com\/index.php\/wp-json\/wp\/v2\/product_cat?post=1024"},{"taxonomy":"product_tag","embeddable":true,"href":"https:\/\/theteahousestore.com\/index.php\/wp-json\/wp\/v2\/product_tag?post=1024"}],"curies":[{"name":"wp","href":"https:\/\/api.w.org\/{rel}","templated":true}]}}