{"id":1020,"date":"2023-08-02T20:58:17","date_gmt":"2023-08-02T18:58:17","guid":{"rendered":"https:\/\/theteahousestore.com\/?post_type=product&#038;p=1020"},"modified":"2023-08-02T20:58:17","modified_gmt":"2023-08-02T18:58:17","slug":"juguete-decorativo-de-oso-grande","status":"publish","type":"product","link":"https:\/\/theteahousestore.com\/index.php\/product\/juguete-decorativo-de-oso-grande\/","title":{"rendered":"JUGUETE DECORATIVO DE OSO GRANDE \u8d1d\u8d1d\u718a"},"content":{"rendered":"<p>En resumen, un juguete decorativo de oso grande \u00ab\u8d1d\u8d1d\u718a\u00bb (B\u00e8ib\u00e8i xi\u00f3ng) es una encantadora combinaci\u00f3n de un oso grande y adorable con una funci\u00f3n decorativa. Su dise\u00f1o tierno y su tama\u00f1o generoso lo convierten en una pieza destacada en la decoraci\u00f3n de cualquier espacio, mientras que su suavidad lo hace ideal para abrazar y disfrutar como compa\u00f1ero de juego.<\/p>\n","protected":false},"excerpt":{"rendered":"<p>En resumen, un juguete decorativo de oso grande \u00ab\u8d1d\u8d1d\u718a\u00bb (B\u00e8ib\u00e8i xi\u00f3ng) es una encantadora combinaci\u00f3n de un oso grande y adorable con una funci\u00f3n decorativa. Su dise\u00f1o tierno y su tama\u00f1o generoso lo convierten en una pieza destacada en la decoraci\u00f3n de cualquier espacio, mientras que su suavidad lo hace ideal para abrazar y disfrutar como compa\u00f1ero de juego.<\/p>\n","protected":false},"featured_media":1021,"comment_status":"open","ping_status":"closed","template":"","meta":[],"product_brand":[],"product_cat":[56],"product_tag":[57],"class_list":{"0":"post-1020","1":"product","2":"type-product","3":"status-publish","4":"has-post-thumbnail","6":"product_cat-adornos","7":"product_tag-adornos","9":"first","10":"instock","11":"shipping-taxable","12":"purchasable","13":"product-type-simple"},"jetpack_sharing_enabled":true,"_links":{"self":[{"href":"https:\/\/theteahousestore.com\/index.php\/wp-json\/wp\/v2\/product\/1020","targetHints":{"allow":["GET"]}}],"collection":[{"href":"https:\/\/theteahousestore.com\/index.php\/wp-json\/wp\/v2\/product"}],"about":[{"href":"https:\/\/theteahousestore.com\/index.php\/wp-json\/wp\/v2\/types\/product"}],"replies":[{"embeddable":true,"href":"https:\/\/theteahousestore.com\/index.php\/wp-json\/wp\/v2\/comments?post=1020"}],"wp:featuredmedia":[{"embeddable":true,"href":"https:\/\/theteahousestore.com\/index.php\/wp-json\/wp\/v2\/media\/1021"}],"wp:attachment":[{"href":"https:\/\/theteahousestore.com\/index.php\/wp-json\/wp\/v2\/media?parent=1020"}],"wp:term":[{"taxonomy":"product_brand","embeddable":true,"href":"https:\/\/theteahousestore.com\/index.php\/wp-json\/wp\/v2\/product_brand?post=1020"},{"taxonomy":"product_cat","embeddable":true,"href":"https:\/\/theteahousestore.com\/index.php\/wp-json\/wp\/v2\/product_cat?post=1020"},{"taxonomy":"product_tag","embeddable":true,"href":"https:\/\/theteahousestore.com\/index.php\/wp-json\/wp\/v2\/product_tag?post=1020"}],"curies":[{"name":"wp","href":"https:\/\/api.w.org\/{rel}","templated":true}]}}