{"id":1018,"date":"2023-08-02T11:25:04","date_gmt":"2023-08-02T09:25:04","guid":{"rendered":"https:\/\/theteahousestore.com\/?post_type=product&#038;p=1018"},"modified":"2023-08-02T19:04:33","modified_gmt":"2023-08-02T17:04:33","slug":"hucha-de-conejo-sentado","status":"publish","type":"product","link":"https:\/\/theteahousestore.com\/index.php\/product\/hucha-de-conejo-sentado\/","title":{"rendered":"HUCHA DE CONEJO SENTADO \u5750\u5154"},"content":{"rendered":"<p>En resumen, la hucha de conejo sentado \u00ab\u5750\u5154\u00bb (Zu\u00f2 t\u00f9) es una alcanc\u00eda con un dise\u00f1o encantador que muestra a un conejo en posici\u00f3n de sentado. Su apariencia juguetona y tierna lo convierten en un objeto decorativo atractivo para cualquier espacio, y su funci\u00f3n para ahorrar dinero la hace \u00fatil y pr\u00e1ctica para personas de todas las edades.<\/p>\n","protected":false},"excerpt":{"rendered":"<p>En resumen, la hucha de conejo sentado \u00ab\u5750\u5154\u00bb (Zu\u00f2 t\u00f9) es una alcanc\u00eda con un dise\u00f1o encantador que muestra a un conejo en posici\u00f3n de sentado. Su apariencia juguetona y tierna lo convierten en un objeto decorativo atractivo para cualquier espacio, y su funci\u00f3n para ahorrar dinero la hace \u00fatil y pr\u00e1ctica para personas de todas las edades.<\/p>\n","protected":false},"featured_media":1019,"comment_status":"open","ping_status":"closed","template":"","meta":[],"product_brand":[],"product_cat":[56],"product_tag":[57],"class_list":{"0":"post-1018","1":"product","2":"type-product","3":"status-publish","4":"has-post-thumbnail","6":"product_cat-adornos","7":"product_tag-adornos","9":"first","10":"instock","11":"shipping-taxable","12":"purchasable","13":"product-type-simple"},"jetpack_sharing_enabled":true,"_links":{"self":[{"href":"https:\/\/theteahousestore.com\/index.php\/wp-json\/wp\/v2\/product\/1018","targetHints":{"allow":["GET"]}}],"collection":[{"href":"https:\/\/theteahousestore.com\/index.php\/wp-json\/wp\/v2\/product"}],"about":[{"href":"https:\/\/theteahousestore.com\/index.php\/wp-json\/wp\/v2\/types\/product"}],"replies":[{"embeddable":true,"href":"https:\/\/theteahousestore.com\/index.php\/wp-json\/wp\/v2\/comments?post=1018"}],"wp:featuredmedia":[{"embeddable":true,"href":"https:\/\/theteahousestore.com\/index.php\/wp-json\/wp\/v2\/media\/1019"}],"wp:attachment":[{"href":"https:\/\/theteahousestore.com\/index.php\/wp-json\/wp\/v2\/media?parent=1018"}],"wp:term":[{"taxonomy":"product_brand","embeddable":true,"href":"https:\/\/theteahousestore.com\/index.php\/wp-json\/wp\/v2\/product_brand?post=1018"},{"taxonomy":"product_cat","embeddable":true,"href":"https:\/\/theteahousestore.com\/index.php\/wp-json\/wp\/v2\/product_cat?post=1018"},{"taxonomy":"product_tag","embeddable":true,"href":"https:\/\/theteahousestore.com\/index.php\/wp-json\/wp\/v2\/product_tag?post=1018"}],"curies":[{"name":"wp","href":"https:\/\/api.w.org\/{rel}","templated":true}]}}