{"id":1015,"date":"2023-08-02T16:15:28","date_gmt":"2023-08-02T14:15:28","guid":{"rendered":"https:\/\/theteahousestore.com\/?post_type=product&#038;p=1015"},"modified":"2023-08-03T10:54:38","modified_gmt":"2023-08-03T08:54:38","slug":"hucha-de-conejo-con-plato","status":"publish","type":"product","link":"https:\/\/theteahousestore.com\/index.php\/product\/hucha-de-conejo-con-plato\/","title":{"rendered":"HUCHA DE CONEJO CON PLATO \u6258\u76d8\u5154"},"content":{"rendered":"<p>es un tipo de hucha o alcanc\u00eda que tiene la forma de un lindo conejo sosteniendo un plato o bandeja. Estas huchas son populares en algunos pa\u00edses asi\u00e1ticos y se utilizan como una forma de ahorrar dinero de una manera divertida y encantadora.<\/p>\n","protected":false},"excerpt":{"rendered":"<p>es un tipo de hucha o alcanc\u00eda que tiene la forma de un lindo conejo sosteniendo un plato o bandeja. Estas huchas son populares en algunos pa\u00edses asi\u00e1ticos y se utilizan como una forma de ahorrar dinero de una manera divertida y encantadora.<\/p>\n","protected":false},"featured_media":1016,"comment_status":"open","ping_status":"closed","template":"","meta":[],"product_brand":[],"product_cat":[56],"product_tag":[57],"class_list":{"0":"post-1015","1":"product","2":"type-product","3":"status-publish","4":"has-post-thumbnail","6":"product_cat-adornos","7":"product_tag-adornos","9":"first","10":"instock","11":"shipping-taxable","12":"purchasable","13":"product-type-simple"},"jetpack_sharing_enabled":true,"_links":{"self":[{"href":"https:\/\/theteahousestore.com\/index.php\/wp-json\/wp\/v2\/product\/1015","targetHints":{"allow":["GET"]}}],"collection":[{"href":"https:\/\/theteahousestore.com\/index.php\/wp-json\/wp\/v2\/product"}],"about":[{"href":"https:\/\/theteahousestore.com\/index.php\/wp-json\/wp\/v2\/types\/product"}],"replies":[{"embeddable":true,"href":"https:\/\/theteahousestore.com\/index.php\/wp-json\/wp\/v2\/comments?post=1015"}],"wp:featuredmedia":[{"embeddable":true,"href":"https:\/\/theteahousestore.com\/index.php\/wp-json\/wp\/v2\/media\/1016"}],"wp:attachment":[{"href":"https:\/\/theteahousestore.com\/index.php\/wp-json\/wp\/v2\/media?parent=1015"}],"wp:term":[{"taxonomy":"product_brand","embeddable":true,"href":"https:\/\/theteahousestore.com\/index.php\/wp-json\/wp\/v2\/product_brand?post=1015"},{"taxonomy":"product_cat","embeddable":true,"href":"https:\/\/theteahousestore.com\/index.php\/wp-json\/wp\/v2\/product_cat?post=1015"},{"taxonomy":"product_tag","embeddable":true,"href":"https:\/\/theteahousestore.com\/index.php\/wp-json\/wp\/v2\/product_tag?post=1015"}],"curies":[{"name":"wp","href":"https:\/\/api.w.org\/{rel}","templated":true}]}}