{"id":1013,"date":"2023-08-02T12:53:24","date_gmt":"2023-08-02T10:53:24","guid":{"rendered":"https:\/\/theteahousestore.com\/?post_type=product&#038;p=1013"},"modified":"2023-08-02T16:17:53","modified_gmt":"2023-08-02T14:17:53","slug":"hucha-de-conejo","status":"publish","type":"product","link":"https:\/\/theteahousestore.com\/index.php\/product\/hucha-de-conejo\/","title":{"rendered":"HUCHA DE CONEJO \u661f\u9645\u5154"},"content":{"rendered":"<p>En resumen, la hucha de conejo \u00ab\u661f\u9645\u5154\u00bb (X\u012bngj\u00ec t\u00f9) o \u00abconejo espacial\u00bb es una alcanc\u00eda tem\u00e1tica con un dise\u00f1o encantador que combina la dulzura del conejo con una est\u00e9tica futurista relacionada con el espacio. Es una opci\u00f3n atractiva y l\u00fadica para aquellos que deseen ahorrar dinero de una manera divertida y agregar un toque espacial a su decoraci\u00f3n.<\/p>\n","protected":false},"excerpt":{"rendered":"<p>En resumen, la hucha de conejo \u00ab\u661f\u9645\u5154\u00bb (X\u012bngj\u00ec t\u00f9) o \u00abconejo espacial\u00bb es una alcanc\u00eda tem\u00e1tica con un dise\u00f1o encantador que combina la dulzura del conejo con una est\u00e9tica futurista relacionada con el espacio. Es una opci\u00f3n atractiva y l\u00fadica para aquellos que deseen ahorrar dinero de una manera divertida y agregar un toque espacial a su decoraci\u00f3n.<\/p>\n","protected":false},"featured_media":1014,"comment_status":"open","ping_status":"closed","template":"","meta":[],"product_brand":[],"product_cat":[56],"product_tag":[57],"class_list":{"0":"post-1013","1":"product","2":"type-product","3":"status-publish","4":"has-post-thumbnail","6":"product_cat-adornos","7":"product_tag-adornos","9":"first","10":"instock","11":"shipping-taxable","12":"purchasable","13":"product-type-simple"},"jetpack_sharing_enabled":true,"_links":{"self":[{"href":"https:\/\/theteahousestore.com\/index.php\/wp-json\/wp\/v2\/product\/1013","targetHints":{"allow":["GET"]}}],"collection":[{"href":"https:\/\/theteahousestore.com\/index.php\/wp-json\/wp\/v2\/product"}],"about":[{"href":"https:\/\/theteahousestore.com\/index.php\/wp-json\/wp\/v2\/types\/product"}],"replies":[{"embeddable":true,"href":"https:\/\/theteahousestore.com\/index.php\/wp-json\/wp\/v2\/comments?post=1013"}],"wp:featuredmedia":[{"embeddable":true,"href":"https:\/\/theteahousestore.com\/index.php\/wp-json\/wp\/v2\/media\/1014"}],"wp:attachment":[{"href":"https:\/\/theteahousestore.com\/index.php\/wp-json\/wp\/v2\/media?parent=1013"}],"wp:term":[{"taxonomy":"product_brand","embeddable":true,"href":"https:\/\/theteahousestore.com\/index.php\/wp-json\/wp\/v2\/product_brand?post=1013"},{"taxonomy":"product_cat","embeddable":true,"href":"https:\/\/theteahousestore.com\/index.php\/wp-json\/wp\/v2\/product_cat?post=1013"},{"taxonomy":"product_tag","embeddable":true,"href":"https:\/\/theteahousestore.com\/index.php\/wp-json\/wp\/v2\/product_tag?post=1013"}],"curies":[{"name":"wp","href":"https:\/\/api.w.org\/{rel}","templated":true}]}}