{"id":1012,"date":"2023-08-02T12:44:07","date_gmt":"2023-08-02T10:44:07","guid":{"rendered":"https:\/\/theteahousestore.com\/?post_type=product&#038;p=1012"},"modified":"2023-08-02T12:44:07","modified_gmt":"2023-08-02T10:44:07","slug":"hucha-de-oso-50cm","status":"publish","type":"product","link":"https:\/\/theteahousestore.com\/index.php\/product\/hucha-de-oso-50cm\/","title":{"rendered":"HUCHA DE OSO 50CM \u66b4\u529b\u718a50CM"},"content":{"rendered":"<p>es una versi\u00f3n a\u00fan m\u00e1s grande y llamativa del juguete decorativo de oso con funci\u00f3n de hucha. Su tama\u00f1o impresionante y su encantador dise\u00f1o la convierten en una pieza destacada en la decoraci\u00f3n de cualquier espacio, al tiempo que ofrece una funcionalidad \u00fatil para ahorrar dinero con estilo.<\/p>\n","protected":false},"excerpt":{"rendered":"<p>es una versi\u00f3n a\u00fan m\u00e1s grande y llamativa del juguete decorativo de oso con funci\u00f3n de hucha. Su tama\u00f1o impresionante y su encantador dise\u00f1o la convierten en una pieza destacada en la decoraci\u00f3n de cualquier espacio, al tiempo que ofrece una funcionalidad \u00fatil para ahorrar dinero con estilo.<\/p>\n","protected":false},"featured_media":1011,"comment_status":"open","ping_status":"closed","template":"","meta":[],"product_brand":[],"product_cat":[56],"product_tag":[57],"class_list":{"0":"post-1012","1":"product","2":"type-product","3":"status-publish","4":"has-post-thumbnail","6":"product_cat-adornos","7":"product_tag-adornos","9":"first","10":"instock","11":"shipping-taxable","12":"purchasable","13":"product-type-simple"},"jetpack_sharing_enabled":true,"_links":{"self":[{"href":"https:\/\/theteahousestore.com\/index.php\/wp-json\/wp\/v2\/product\/1012","targetHints":{"allow":["GET"]}}],"collection":[{"href":"https:\/\/theteahousestore.com\/index.php\/wp-json\/wp\/v2\/product"}],"about":[{"href":"https:\/\/theteahousestore.com\/index.php\/wp-json\/wp\/v2\/types\/product"}],"replies":[{"embeddable":true,"href":"https:\/\/theteahousestore.com\/index.php\/wp-json\/wp\/v2\/comments?post=1012"}],"wp:featuredmedia":[{"embeddable":true,"href":"https:\/\/theteahousestore.com\/index.php\/wp-json\/wp\/v2\/media\/1011"}],"wp:attachment":[{"href":"https:\/\/theteahousestore.com\/index.php\/wp-json\/wp\/v2\/media?parent=1012"}],"wp:term":[{"taxonomy":"product_brand","embeddable":true,"href":"https:\/\/theteahousestore.com\/index.php\/wp-json\/wp\/v2\/product_brand?post=1012"},{"taxonomy":"product_cat","embeddable":true,"href":"https:\/\/theteahousestore.com\/index.php\/wp-json\/wp\/v2\/product_cat?post=1012"},{"taxonomy":"product_tag","embeddable":true,"href":"https:\/\/theteahousestore.com\/index.php\/wp-json\/wp\/v2\/product_tag?post=1012"}],"curies":[{"name":"wp","href":"https:\/\/api.w.org\/{rel}","templated":true}]}}