{"id":1010,"date":"2023-08-02T12:36:29","date_gmt":"2023-08-02T10:36:29","guid":{"rendered":"https:\/\/theteahousestore.com\/?post_type=product&#038;p=1010"},"modified":"2023-08-02T12:36:29","modified_gmt":"2023-08-02T10:36:29","slug":"hucha-de-oso-35cm","status":"publish","type":"product","link":"https:\/\/theteahousestore.com\/index.php\/product\/hucha-de-oso-35cm\/","title":{"rendered":"HUCHA DE OSO 35CM \u66b4\u529b\u718a35CM"},"content":{"rendered":"<p>es una versi\u00f3n m\u00e1s grande y llamativa del juguete decorativo de oso con funci\u00f3n de hucha. Su tama\u00f1o permite que sea una pieza de exhibici\u00f3n destacada en cualquier espacio, y su funcionalidad para ahorrar dinero la convierte en una opci\u00f3n pr\u00e1ctica y encantadora para personas de todas las edades.<\/p>\n","protected":false},"excerpt":{"rendered":"<p>es una versi\u00f3n m\u00e1s grande y llamativa del juguete decorativo de oso con funci\u00f3n de hucha. Su tama\u00f1o permite que sea una pieza de exhibici\u00f3n destacada en cualquier espacio, y su funcionalidad para ahorrar dinero la convierte en una opci\u00f3n pr\u00e1ctica y encantadora para personas de todas las edades.<\/p>\n","protected":false},"featured_media":1011,"comment_status":"open","ping_status":"closed","template":"","meta":[],"product_brand":[],"product_cat":[56],"product_tag":[57],"class_list":{"0":"post-1010","1":"product","2":"type-product","3":"status-publish","4":"has-post-thumbnail","6":"product_cat-adornos","7":"product_tag-adornos","9":"first","10":"instock","11":"shipping-taxable","12":"purchasable","13":"product-type-simple"},"jetpack_sharing_enabled":true,"_links":{"self":[{"href":"https:\/\/theteahousestore.com\/index.php\/wp-json\/wp\/v2\/product\/1010","targetHints":{"allow":["GET"]}}],"collection":[{"href":"https:\/\/theteahousestore.com\/index.php\/wp-json\/wp\/v2\/product"}],"about":[{"href":"https:\/\/theteahousestore.com\/index.php\/wp-json\/wp\/v2\/types\/product"}],"replies":[{"embeddable":true,"href":"https:\/\/theteahousestore.com\/index.php\/wp-json\/wp\/v2\/comments?post=1010"}],"wp:featuredmedia":[{"embeddable":true,"href":"https:\/\/theteahousestore.com\/index.php\/wp-json\/wp\/v2\/media\/1011"}],"wp:attachment":[{"href":"https:\/\/theteahousestore.com\/index.php\/wp-json\/wp\/v2\/media?parent=1010"}],"wp:term":[{"taxonomy":"product_brand","embeddable":true,"href":"https:\/\/theteahousestore.com\/index.php\/wp-json\/wp\/v2\/product_brand?post=1010"},{"taxonomy":"product_cat","embeddable":true,"href":"https:\/\/theteahousestore.com\/index.php\/wp-json\/wp\/v2\/product_cat?post=1010"},{"taxonomy":"product_tag","embeddable":true,"href":"https:\/\/theteahousestore.com\/index.php\/wp-json\/wp\/v2\/product_tag?post=1010"}],"curies":[{"name":"wp","href":"https:\/\/api.w.org\/{rel}","templated":true}]}}