{"id":1007,"date":"2023-08-02T12:01:38","date_gmt":"2023-08-02T10:01:38","guid":{"rendered":"https:\/\/theteahousestore.com\/?post_type=product&#038;p=1007"},"modified":"2023-08-02T12:01:38","modified_gmt":"2023-08-02T10:01:38","slug":"juguete-decorativo-de-oso-18-cm","status":"publish","type":"product","link":"https:\/\/theteahousestore.com\/index.php\/product\/juguete-decorativo-de-oso-18-cm\/","title":{"rendered":"JUGUETE DECORATIVO DE OSO 18 CM \u66b4\u529b\u718a18CM"},"content":{"rendered":"<p>es un lindo y encantador objeto que agrega un toque juguet\u00f3n y agradable a la decoraci\u00f3n de cualquier espacio. Su tama\u00f1o compacto lo hace ideal para ser exhibido en diferentes lugares, y su dise\u00f1o atractivo lo convierte en un regalo popular para personas de todas las edades.<\/p>\n","protected":false},"excerpt":{"rendered":"<p>es un lindo y encantador objeto que agrega un toque juguet\u00f3n y agradable a la decoraci\u00f3n de cualquier espacio. Su tama\u00f1o compacto lo hace ideal para ser exhibido en diferentes lugares, y su dise\u00f1o atractivo lo convierte en un regalo popular para personas de todas las edades.<\/p>\n","protected":false},"featured_media":1008,"comment_status":"open","ping_status":"closed","template":"","meta":[],"product_brand":[],"product_cat":[56],"product_tag":[57],"class_list":{"0":"post-1007","1":"product","2":"type-product","3":"status-publish","4":"has-post-thumbnail","6":"product_cat-adornos","7":"product_tag-adornos","9":"first","10":"instock","11":"shipping-taxable","12":"purchasable","13":"product-type-simple"},"jetpack_sharing_enabled":true,"_links":{"self":[{"href":"https:\/\/theteahousestore.com\/index.php\/wp-json\/wp\/v2\/product\/1007","targetHints":{"allow":["GET"]}}],"collection":[{"href":"https:\/\/theteahousestore.com\/index.php\/wp-json\/wp\/v2\/product"}],"about":[{"href":"https:\/\/theteahousestore.com\/index.php\/wp-json\/wp\/v2\/types\/product"}],"replies":[{"embeddable":true,"href":"https:\/\/theteahousestore.com\/index.php\/wp-json\/wp\/v2\/comments?post=1007"}],"wp:featuredmedia":[{"embeddable":true,"href":"https:\/\/theteahousestore.com\/index.php\/wp-json\/wp\/v2\/media\/1008"}],"wp:attachment":[{"href":"https:\/\/theteahousestore.com\/index.php\/wp-json\/wp\/v2\/media?parent=1007"}],"wp:term":[{"taxonomy":"product_brand","embeddable":true,"href":"https:\/\/theteahousestore.com\/index.php\/wp-json\/wp\/v2\/product_brand?post=1007"},{"taxonomy":"product_cat","embeddable":true,"href":"https:\/\/theteahousestore.com\/index.php\/wp-json\/wp\/v2\/product_cat?post=1007"},{"taxonomy":"product_tag","embeddable":true,"href":"https:\/\/theteahousestore.com\/index.php\/wp-json\/wp\/v2\/product_tag?post=1007"}],"curies":[{"name":"wp","href":"https:\/\/api.w.org\/{rel}","templated":true}]}}