{"id":1004,"date":"2023-08-01T20:59:57","date_gmt":"2023-08-01T18:59:57","guid":{"rendered":"https:\/\/theteahousestore.com\/?post_type=product&#038;p=1004"},"modified":"2023-08-07T11:32:53","modified_gmt":"2023-08-07T09:32:53","slug":"bandeja-de-te-semi-cuadradas","status":"publish","type":"product","link":"https:\/\/theteahousestore.com\/index.php\/product\/bandeja-de-te-semi-cuadradas\/","title":{"rendered":"BANDEJA DE TE SEMI CUADRADAS \u6b63\u65b9\u5706\u89d2\u8336\u76d8"},"content":{"rendered":"<p>es una pieza distintiva y est\u00e9tica en la ceremonia del t\u00e9, ya que combina las formas cuadradas y redondeadas para ofrecer un dise\u00f1o \u00fanico y atractivo. Su funcionalidad y versatilidad la convierten en una opci\u00f3n pr\u00e1ctica y est\u00e9tica para aquellos que buscan una forma organizada y elegante de disfrutar del ritual del t\u00e9.<\/p>\n","protected":false},"excerpt":{"rendered":"<p>es una pieza distintiva y est\u00e9tica en la ceremonia del t\u00e9, ya que combina las formas cuadradas y redondeadas para ofrecer un dise\u00f1o \u00fanico y atractivo. Su funcionalidad y versatilidad la convierten en una opci\u00f3n pr\u00e1ctica y est\u00e9tica para aquellos que buscan una forma organizada y elegante de disfrutar del ritual del t\u00e9.<\/p>\n","protected":false},"featured_media":999,"comment_status":"open","ping_status":"closed","template":"","meta":[],"product_brand":[],"product_cat":[45,63],"product_tag":[53],"class_list":{"0":"post-1004","1":"product","2":"type-product","3":"status-publish","4":"has-post-thumbnail","6":"product_cat-ceremonia-de-te","7":"product_cat-utensilios-para-te","8":"product_tag-ceremonia-de-te","10":"first","11":"instock","12":"shipping-taxable","13":"purchasable","14":"product-type-simple"},"jetpack_sharing_enabled":true,"_links":{"self":[{"href":"https:\/\/theteahousestore.com\/index.php\/wp-json\/wp\/v2\/product\/1004","targetHints":{"allow":["GET"]}}],"collection":[{"href":"https:\/\/theteahousestore.com\/index.php\/wp-json\/wp\/v2\/product"}],"about":[{"href":"https:\/\/theteahousestore.com\/index.php\/wp-json\/wp\/v2\/types\/product"}],"replies":[{"embeddable":true,"href":"https:\/\/theteahousestore.com\/index.php\/wp-json\/wp\/v2\/comments?post=1004"}],"wp:featuredmedia":[{"embeddable":true,"href":"https:\/\/theteahousestore.com\/index.php\/wp-json\/wp\/v2\/media\/999"}],"wp:attachment":[{"href":"https:\/\/theteahousestore.com\/index.php\/wp-json\/wp\/v2\/media?parent=1004"}],"wp:term":[{"taxonomy":"product_brand","embeddable":true,"href":"https:\/\/theteahousestore.com\/index.php\/wp-json\/wp\/v2\/product_brand?post=1004"},{"taxonomy":"product_cat","embeddable":true,"href":"https:\/\/theteahousestore.com\/index.php\/wp-json\/wp\/v2\/product_cat?post=1004"},{"taxonomy":"product_tag","embeddable":true,"href":"https:\/\/theteahousestore.com\/index.php\/wp-json\/wp\/v2\/product_tag?post=1004"}],"curies":[{"name":"wp","href":"https:\/\/api.w.org\/{rel}","templated":true}]}}