{"id":1003,"date":"2023-08-02T11:39:23","date_gmt":"2023-08-02T09:39:23","guid":{"rendered":"https:\/\/theteahousestore.com\/?post_type=product&#038;p=1003"},"modified":"2025-03-17T01:18:23","modified_gmt":"2025-03-17T00:18:23","slug":"bandeja-de-te-rectangulo","status":"publish","type":"product","link":"https:\/\/theteahousestore.com\/index.php\/product\/bandeja-de-te-rectangulo\/","title":{"rendered":"BANDEJA DE TE RECT\u00c1NGULO \u957f\u65b9\u5f62\u8336\u684c"},"content":{"rendered":"<p>La Bandeja de T\u00e9 Rect\u00e1ngulo es una pieza esencial en la ceremonia del t\u00e9, ya que permite mantener organizados y accesibles todos los elementos necesarios para la preparaci\u00f3n y el disfrute del t\u00e9.<\/p>\n","protected":false},"excerpt":{"rendered":"<p>La Bandeja de T\u00e9 Rect\u00e1ngulo es una pieza esencial en la ceremonia del t\u00e9, ya que permite mantener organizados y accesibles todos los elementos necesarios para la preparaci\u00f3n y el disfrute del t\u00e9.<\/p>\n","protected":false},"featured_media":1001,"comment_status":"open","ping_status":"closed","template":"","meta":[],"product_brand":[],"product_cat":[45,63],"product_tag":[53],"class_list":{"0":"post-1003","1":"product","2":"type-product","3":"status-publish","4":"has-post-thumbnail","6":"product_cat-ceremonia-de-te","7":"product_cat-utensilios-para-te","8":"product_tag-ceremonia-de-te","10":"first","11":"instock","12":"shipping-taxable","13":"purchasable","14":"product-type-simple"},"jetpack_sharing_enabled":true,"_links":{"self":[{"href":"https:\/\/theteahousestore.com\/index.php\/wp-json\/wp\/v2\/product\/1003","targetHints":{"allow":["GET"]}}],"collection":[{"href":"https:\/\/theteahousestore.com\/index.php\/wp-json\/wp\/v2\/product"}],"about":[{"href":"https:\/\/theteahousestore.com\/index.php\/wp-json\/wp\/v2\/types\/product"}],"replies":[{"embeddable":true,"href":"https:\/\/theteahousestore.com\/index.php\/wp-json\/wp\/v2\/comments?post=1003"}],"wp:featuredmedia":[{"embeddable":true,"href":"https:\/\/theteahousestore.com\/index.php\/wp-json\/wp\/v2\/media\/1001"}],"wp:attachment":[{"href":"https:\/\/theteahousestore.com\/index.php\/wp-json\/wp\/v2\/media?parent=1003"}],"wp:term":[{"taxonomy":"product_brand","embeddable":true,"href":"https:\/\/theteahousestore.com\/index.php\/wp-json\/wp\/v2\/product_brand?post=1003"},{"taxonomy":"product_cat","embeddable":true,"href":"https:\/\/theteahousestore.com\/index.php\/wp-json\/wp\/v2\/product_cat?post=1003"},{"taxonomy":"product_tag","embeddable":true,"href":"https:\/\/theteahousestore.com\/index.php\/wp-json\/wp\/v2\/product_tag?post=1003"}],"curies":[{"name":"wp","href":"https:\/\/api.w.org\/{rel}","templated":true}]}}