{"id":404,"date":"2023-07-21T10:02:29","date_gmt":"2023-07-21T10:02:29","guid":{"rendered":"https:\/\/theteahousestore.com\/?page_id=404"},"modified":"2023-07-24T14:19:32","modified_gmt":"2023-07-24T12:19:32","slug":"sobre-nosotros","status":"publish","type":"page","link":"https:\/\/theteahousestore.com\/index.php\/sobre-nosotros\/","title":{"rendered":"Sobre Nosotros"},"content":{"rendered":"\n<figure class=\"wp-block-image size-large\"><img loading=\"lazy\" decoding=\"async\" width=\"1024\" height=\"683\" data-src=\"https:\/\/theteahousestore.com\/wp-content\/uploads\/2023\/07\/Image_20230721110029-1-1024x683.jpg\" alt=\"\" class=\"wp-image-443 lazyload\" data-srcset=\"https:\/\/theteahousestore.com\/wp-content\/uploads\/2023\/07\/Image_20230721110029-1-1024x683.jpg 1024w, https:\/\/theteahousestore.com\/wp-content\/uploads\/2023\/07\/Image_20230721110029-1-scaled-800x533.jpg 800w, https:\/\/theteahousestore.com\/wp-content\/uploads\/2023\/07\/Image_20230721110029-1-300x200.jpg 300w, https:\/\/theteahousestore.com\/wp-content\/uploads\/2023\/07\/Image_20230721110029-1-768x512.jpg 768w, https:\/\/theteahousestore.com\/wp-content\/uploads\/2023\/07\/Image_20230721110029-1-1536x1024.jpg 1536w, https:\/\/theteahousestore.com\/wp-content\/uploads\/2023\/07\/Image_20230721110029-1-2048x1365.jpg 2048w, https:\/\/theteahousestore.com\/wp-content\/uploads\/2023\/07\/Image_20230721110029-1-1140x760.jpg 1140w, https:\/\/theteahousestore.com\/wp-content\/uploads\/2023\/07\/Image_20230721110029-1-920x613.jpg 920w, https:\/\/theteahousestore.com\/wp-content\/uploads\/2023\/07\/Image_20230721110029-1-575x383.jpg 575w, https:\/\/theteahousestore.com\/wp-content\/uploads\/2023\/07\/Image_20230721110029-1-380x253.jpg 380w, https:\/\/theteahousestore.com\/wp-content\/uploads\/2023\/07\/Image_20230721110029-1-1320x880.jpg 1320w\" data-sizes=\"auto, (max-width: 1024px) 100vw, 1024px\" src=\"data:image\/gif;base64,R0lGODlhAQABAAAAACH5BAEKAAEALAAAAAABAAEAAAICTAEAOw==\" style=\"--smush-placeholder-width: 1024px; --smush-placeholder-aspect-ratio: 1024\/683;\" \/><noscript><img loading=\"lazy\" decoding=\"async\" width=\"1024\" height=\"683\" src=\"https:\/\/theteahousestore.com\/wp-content\/uploads\/2023\/07\/Image_20230721110029-1-1024x683.jpg\" alt=\"\" class=\"wp-image-443\" srcset=\"https:\/\/theteahousestore.com\/wp-content\/uploads\/2023\/07\/Image_20230721110029-1-1024x683.jpg 1024w, https:\/\/theteahousestore.com\/wp-content\/uploads\/2023\/07\/Image_20230721110029-1-scaled-800x533.jpg 800w, https:\/\/theteahousestore.com\/wp-content\/uploads\/2023\/07\/Image_20230721110029-1-300x200.jpg 300w, https:\/\/theteahousestore.com\/wp-content\/uploads\/2023\/07\/Image_20230721110029-1-768x512.jpg 768w, https:\/\/theteahousestore.com\/wp-content\/uploads\/2023\/07\/Image_20230721110029-1-1536x1024.jpg 1536w, https:\/\/theteahousestore.com\/wp-content\/uploads\/2023\/07\/Image_20230721110029-1-2048x1365.jpg 2048w, https:\/\/theteahousestore.com\/wp-content\/uploads\/2023\/07\/Image_20230721110029-1-1140x760.jpg 1140w, https:\/\/theteahousestore.com\/wp-content\/uploads\/2023\/07\/Image_20230721110029-1-920x613.jpg 920w, https:\/\/theteahousestore.com\/wp-content\/uploads\/2023\/07\/Image_20230721110029-1-575x383.jpg 575w, https:\/\/theteahousestore.com\/wp-content\/uploads\/2023\/07\/Image_20230721110029-1-380x253.jpg 380w, https:\/\/theteahousestore.com\/wp-content\/uploads\/2023\/07\/Image_20230721110029-1-1320x880.jpg 1320w\" sizes=\"auto, (max-width: 1024px) 100vw, 1024px\" \/><\/noscript><\/figure>\n\n\n\n<p><\/p>\n\n\n\n<h5 class=\"wp-block-heading has-text-align-center\"><strong>Sobre Nosotros<\/strong><\/h5>\n\n\n\n<p class=\"has-text-align-left\">Somos una distinguida boutique del t\u00e9, en la que nos especializamos en la venta tanto al por menor como al por mayor de una exquisita variedad de t\u00e9s, as\u00ed como de refinados utensilios y accesorios para la ceremonia del t\u00e9. Adentrarse en nuestra encantadora morada es sumergirse en un mundo de aromas cautivadores y deleite para los sentidos.<\/p>\n\n\n\n<p class=\"has-text-align-left\">Los t\u00e9s tradicionales chinos que albergamos son una joya para los conocedores, donde cada sorbo revela la herencia milenaria de esta milagrosa bebida. Entre ellos, destacamos el t\u00e9 verde, el tentador t\u00e9 oolong (t\u00e9 azul), el delicado t\u00e9 blanco, el robusto t\u00e9 negro, el cautivante t\u00e9 pu-erh y los fascinantes t\u00e9s de flores, que embellecen nuestras estanter\u00edas con su esencia \u00fanica y su distinci\u00f3n inigualable.<\/p>\n\n\n\n<p>Nuestros utensilios de t\u00e9, meticulosamente seleccionados, son verdaderas obras de arte en s\u00ed mismos, desde tazones con tapa de exquisita artesan\u00eda hasta teteras de elegante dise\u00f1o, tazas de t\u00e9 de fina porcelana y bandejas de t\u00e9 que realzan la ceremonia con su elegancia atemporal. Asimismo, hemos reunido una variedad de teteras de vidrio y otros refinados accesorios, que dan un toque de sofisticaci\u00f3n a la hora de disfrutar de esta tradicional ceremonia.<\/p>\n\n\n\n<p>Le invitamos a conocer el producto relevante de nuestra tienda, el Xinhui Chenpi. El Xinhui Chenpi es una especialidad herbolaria china de la regi\u00f3n de Xinhui, en Guangdong (China), famosa por su aroma y sabor \u00fanicos. El pericarpio de Xinhui se elabora con las c\u00e1scaras de las mandarinas Xinhui, una especialidad de la regi\u00f3n de Xinhui, que se secan al sol y luego se fermentan y envejecen en condiciones espec\u00edficas. Se considera el primero de los tres tesoros de Guangdong.<\/p>\n\n\n\n<p>No limitamos nuestra pasi\u00f3n por el t\u00e9 a los tesoros individuales, ya que ofrecemos cautivadores juegos de utensilios de t\u00e9 y cajas de regalo de t\u00e9 exquisitamente preparadas, que son un obsequio ideal para los amantes del t\u00e9. En un rinc\u00f3n especial de nuestra tienda, hemos creado una acogedora sala de t\u00e9, un santuario donde se fusiona lo natural con lo refinado, proporcionando un ambiente sereno y relajante para que nuestros clientes puedan deleitarse y sumergirse en la esencia misma del t\u00e9.<\/p>\n\n\n\n<p>Si est\u00e1 interesado en el&nbsp; bubble tea, tambi\u00e9n le proporcionamos materias primas para el bubble tea. Tanto si elabora su propio bubble tea en casa como si est\u00e1 interesado en participar en una franquicia de bubble tea, nuestra tienda le ofrece servicios complementarios de ense\u00f1anza. Desde las hojas de t\u00e9 b\u00e1sicas hasta m\u00e1quinas y equipos profesionales, siropes y perlas de frutas y otros ingredientes, le proporcionamos materias primas de alta calidad para ayudarle a crear un bubble tea \u00fanico y lleno de sabor.<\/p>\n\n\n\n<p>Adem\u00e1s de consumidores particulares, tambi\u00e9n damos la bienvenida a clientes mayoristas. Si es usted un operador de una tienda de t\u00e9, cafeter\u00eda, tienda de bubble tea, restaurante o tienda de regalos, podemos ofrecerle servicios mayoristas para suministrarle t\u00e9 de calidad y productos relacionados. Nos comprometemos a establecer relaciones a largo plazo, ofreci\u00e9ndole precios competitivos y productos de calidad.<\/p>\n\n\n\n<p>Nuestro objetivo es ofrecerle la mejor experiencia posible en materia de t\u00e9 y cultura del t\u00e9. Tanto si es usted un consumidor individual como un cliente comercial, nos dedicamos a ofrecerle un servicio profesional y amable. Si tiene alguna pregunta o necesidad relacionada con nuestra mercanc\u00eda o negocio, no dude en ponerse en contacto con nosotros. Gracias por su inter\u00e9s en nuestra tienda y esperamos poder servirle.<\/p>\n\n\n\n<figure class=\"wp-block-image size-large\"><img loading=\"lazy\" decoding=\"async\" width=\"1024\" height=\"717\" data-src=\"https:\/\/theteahousestore.com\/wp-content\/uploads\/2023\/07\/IMG_5470-1-1-1-scaled-e1689937587528-1024x717.jpg\" alt=\"\" class=\"wp-image-462 lazyload\" data-srcset=\"https:\/\/theteahousestore.com\/wp-content\/uploads\/2023\/07\/IMG_5470-1-1-1-scaled-e1689937587528-1024x717.jpg 1024w, https:\/\/theteahousestore.com\/wp-content\/uploads\/2023\/07\/IMG_5470-1-1-1-scaled-e1689937587528-800x561.jpg 800w, https:\/\/theteahousestore.com\/wp-content\/uploads\/2023\/07\/IMG_5470-1-1-1-scaled-e1689937587528-300x210.jpg 300w, https:\/\/theteahousestore.com\/wp-content\/uploads\/2023\/07\/IMG_5470-1-1-1-scaled-e1689937587528-768x538.jpg 768w, https:\/\/theteahousestore.com\/wp-content\/uploads\/2023\/07\/IMG_5470-1-1-1-scaled-e1689937587528-1536x1076.jpg 1536w, https:\/\/theteahousestore.com\/wp-content\/uploads\/2023\/07\/IMG_5470-1-1-1-scaled-e1689937587528-1140x799.jpg 1140w, https:\/\/theteahousestore.com\/wp-content\/uploads\/2023\/07\/IMG_5470-1-1-1-scaled-e1689937587528-920x645.jpg 920w, https:\/\/theteahousestore.com\/wp-content\/uploads\/2023\/07\/IMG_5470-1-1-1-scaled-e1689937587528-575x403.jpg 575w, https:\/\/theteahousestore.com\/wp-content\/uploads\/2023\/07\/IMG_5470-1-1-1-scaled-e1689937587528-380x266.jpg 380w, https:\/\/theteahousestore.com\/wp-content\/uploads\/2023\/07\/IMG_5470-1-1-1-scaled-e1689937587528-1320x925.jpg 1320w, https:\/\/theteahousestore.com\/wp-content\/uploads\/2023\/07\/IMG_5470-1-1-1-scaled-e1689937587528.jpg 1707w\" data-sizes=\"auto, (max-width: 1024px) 100vw, 1024px\" src=\"data:image\/gif;base64,R0lGODlhAQABAAAAACH5BAEKAAEALAAAAAABAAEAAAICTAEAOw==\" style=\"--smush-placeholder-width: 1024px; --smush-placeholder-aspect-ratio: 1024\/717;\" \/><noscript><img loading=\"lazy\" decoding=\"async\" width=\"1024\" height=\"717\" src=\"https:\/\/theteahousestore.com\/wp-content\/uploads\/2023\/07\/IMG_5470-1-1-1-scaled-e1689937587528-1024x717.jpg\" alt=\"\" class=\"wp-image-462\" srcset=\"https:\/\/theteahousestore.com\/wp-content\/uploads\/2023\/07\/IMG_5470-1-1-1-scaled-e1689937587528-1024x717.jpg 1024w, https:\/\/theteahousestore.com\/wp-content\/uploads\/2023\/07\/IMG_5470-1-1-1-scaled-e1689937587528-800x561.jpg 800w, https:\/\/theteahousestore.com\/wp-content\/uploads\/2023\/07\/IMG_5470-1-1-1-scaled-e1689937587528-300x210.jpg 300w, https:\/\/theteahousestore.com\/wp-content\/uploads\/2023\/07\/IMG_5470-1-1-1-scaled-e1689937587528-768x538.jpg 768w, https:\/\/theteahousestore.com\/wp-content\/uploads\/2023\/07\/IMG_5470-1-1-1-scaled-e1689937587528-1536x1076.jpg 1536w, https:\/\/theteahousestore.com\/wp-content\/uploads\/2023\/07\/IMG_5470-1-1-1-scaled-e1689937587528-1140x799.jpg 1140w, https:\/\/theteahousestore.com\/wp-content\/uploads\/2023\/07\/IMG_5470-1-1-1-scaled-e1689937587528-920x645.jpg 920w, https:\/\/theteahousestore.com\/wp-content\/uploads\/2023\/07\/IMG_5470-1-1-1-scaled-e1689937587528-575x403.jpg 575w, https:\/\/theteahousestore.com\/wp-content\/uploads\/2023\/07\/IMG_5470-1-1-1-scaled-e1689937587528-380x266.jpg 380w, https:\/\/theteahousestore.com\/wp-content\/uploads\/2023\/07\/IMG_5470-1-1-1-scaled-e1689937587528-1320x925.jpg 1320w, https:\/\/theteahousestore.com\/wp-content\/uploads\/2023\/07\/IMG_5470-1-1-1-scaled-e1689937587528.jpg 1707w\" sizes=\"auto, (max-width: 1024px) 100vw, 1024px\" \/><\/noscript><\/figure>\n\n\n\n<p><\/p>\n\n\n\n<h5 class=\"wp-block-heading has-text-align-center\"><strong>\u5e97\u94fa\u4ecb\u7ecd<\/strong><\/h5>\n\n\n\n<p>\u6211\u4eec\u662f\u4e00\u5bb6\u8336\u53f6\u7cbe\u54c1\u5e97\uff0c\u4e13\u95e8\u96f6\u552e\u548c\u6279\u53d1\u5404\u7c7b\u8336\u53f6\u4ee5\u53ca\u7cbe\u81f4\u7684\u8336\u9053\u7528\u5177\u548c\u6446\u4ef6\u3002\u8d70\u8fdb\u6211\u4eec\u7684\u5e97\u94fa\uff0c\u60a8\u5c06\u4f1a\u6c89\u6d78\u5728\u4e00\u4e2a\u5145\u6ee1\u8ff7\u4eba\u9999\u6c14\u548c\u6109\u60a6\u611f\u5b98\u7684\u4e16\u754c\u3002<\/p>\n\n\n\n<p>\u6211\u4eec\u63d0\u4f9b\u4e30\u5bcc\u591a\u6837\u7684\u8336\u53f6\u4f9b\u60a8\u9009\u62e9\uff0c\u6bcf\u4e00\u79cd\u90fd\u5f70\u663e\u7740\u8fd9\u4e00\u795e\u5947\u996e\u54c1\u7684\u5343\u5e74\u4f20\u627f\u3002\u5176\u4e2d\u5305\u62ec\u7eff\u8336\u3001\u4e4c\u9f99\u8336\uff08\u9752\u8336\uff09\u3001\u767d\u8336\u3001\u7ea2\u8336\u3001\u666e\u6d31\u8336\u548c\u5404\u7c7b\u82b1\u8336\u3002<\/p>\n\n\n\n<p>\u4e3a\u4e86\u63d0\u4f9b\u5b8c\u6574\u7684\u8336\u6587\u5316\u4f53\u9a8c\uff0c\u6211\u4eec\u8fd8\u63d0\u4f9b\u5404\u79cd\u7cbe\u7f8e\u7684\u8336\u5177\uff0c\u4ece\u505a\u5de5\u7cbe\u81f4\u7684\u76d6\u7897\u5230\u8bbe\u8ba1\u5178\u96c5\u7684\u8336\u58f6\u3001\u7cbe\u7f8e\u7684\u74f7\u8336\u676f\u548c\u8336\u76d8\uff0c\u5b83\u4eec\u4ee5\u6c38\u6052\u7684\u4f18\u96c5\u4e3a\u8336\u9053\u589e\u8272\u3002\u6211\u4eec\u8fd9\u91cc\u8fd8\u6c47\u96c6\u4e86\u5404\u79cd\u73bb\u7483\u8336\u58f6\u548c\u5176\u4ed6\u7cbe\u81f4\u7684\u914d\u4ef6\uff0c\u4e3a\u8fd9\u4e00\u4f20\u7edf\u4eea\u5f0f\u589e\u6dfb\u4e86\u4e00\u4e1d\u7cbe\u81f4\u7684\u4eab\u53d7\u3002 \u4e3a\u4e86\u5c55\u793a\u8336\u6587\u5316\u7684\u9b45\u529b\u548c\u4e30\u5bcc\u6027\uff0c\u6211\u4eec\u8fd8\u63d0\u4f9b\u8ff7\u4eba\u7684\u8336\u5177\u5957\u88c5\u548c\u5de5\u827a\u7cbe\u6e5b\u7684\u8336\u793c\u76d2\uff0c\u662f\u4f5c\u4e3a\u793c\u7269\u7684\u9996\u9009\u3002\u6b64\u5916\uff0c\u6211\u4eec\u5728\u5e97\u5185\u7cbe\u5fc3\u6253\u5e03\u7f6e\u4e86\u4e00\u4e2a\u8212\u9002\u7684\u8336\u5ba4\uff0c\u4e3a\u8bf8\u4f4d\u63d0\u4f9b\u4e00\u4e2a\u5b81\u9759\u3001\u653e\u677e\u7684\u73af\u5883\u3002<\/p>\n\n\n\n<p>\u53e6\u5916\uff0c\u6b22\u8fce\u4e86\u89e3\u672c\u5e97\u6700\u5f15\u4eba\u6ce8\u76ee\u7684\u660e\u661f\u4ea7\u54c1\u2014\u2014\u65b0\u4f1a\u9648\u76ae\u3002\u65b0\u4f1a\u9648\u76ae\u662f\u4e00\u79cd\u6765\u81ea\u4e2d\u56fd\u5e7f\u4e1c\u65b0\u4f1a\u5730\u533a\u7684\u7279\u8272\u4e2d\u836f\u6750\uff0c\u4ee5\u5176\u72ec\u7279\u7684\u9999\u6c14\u548c\u53e3\u611f\u800c\u95fb\u540d\u3002\u65b0\u4f1a\u9648\u76ae\u662f\u7531\u65b0\u4f1a\u5730\u533a\u7279\u4ea7\u7684\u65b0\u4f1a\u67d1\u6a58\u7684\u679c\u76ae\u7ecf\u8fc7\u9633\u5149\u6652\u5e72\uff0c\u7136\u540e\u5728\u7279\u5b9a\u6761\u4ef6\u4e0b\u8fdb\u884c\u53d1\u9175\u548c\u9648\u5316\u800c\u6210\u7684\u3002\u88ab\u8a89\u4e3a\u5e7f\u4e1c\u4e09\u5b9d\u4e4b\u9996\uff0c\u5177\u6709\u884c\u6c14\u5065\u813e\u3001\u71e5\u6e7f\u5316\u75f0\u3001\u964d\u6c14\u6b62\u5455\u3001\u8212\u809d\u5229\u80c6\u3001\u7406\u4e2d\u548c\u80c3\u3001\u89e3\u7ed3\u5316\u75c8\u7b49\u529f\u6548\u3002<\/p>\n\n\n\n<p>\u9664\u4e86\u4e13\u6ce8\u4e8e\u4e2d\u56fd\u4f20\u7edf\u8336\u53f6\uff0c\u672c\u5e97\u4e5f\u4e3a\u5e7f\u5927\u5976\u8336\u7231\u597d\u8005\u63d0\u4f9b\u670d\u52a1\u3002\u5982\u679c\u60a8\u5bf9\u5976\u8336\u6709\u5174\u8da3\uff0c\u6211\u4eec\u4e3a\u60a8\u63d0\u4f9b\u5976\u8336\u539f\u6750\u6599\u7684\u4f9b\u5e94\u3002\u65e0\u8bba\u662f\u5728\u5bb6\u81ea\u5236\u5976\u8336\uff0c\u8fd8\u662f\u6709\u5174\u8da3\u4ece\u4e8b\u5976\u8336\u52a0\u76df\u5e97\uff0c\u672c\u5e97\u90fd\u4e3a\u60a8\u63d0\u4f9b\u914d\u5957\u6559\u5b66\u670d\u52a1\u3002\u4ece\u5976\u8336\u57fa\u7840\u8336\u53f6\u5230\u4e13\u4e1a\u673a\u5668\u8bbe\u5907\u3001\u679c\u6d46\u548c\u73cd\u73e0\u7b49\u914d\u6599\uff0c\u6211\u4eec\u4e3a\u60a8\u63d0\u4f9b\u9ad8\u8d28\u91cf\u7684\u539f\u6599\uff0c\u5e2e\u52a9\u60a8\u5236\u4f5c\u51fa\u53e3\u5473\u72ec\u7279\u3001\u53e3\u611f\u9187\u539a\u7684\u5976\u8336\u3002<\/p>\n\n\n\n<p>\u9664\u4e86\u4e2a\u4eba\u6d88\u8d39\u8005\uff0c\u6211\u4eec\u4e5f\u6b22\u8fce\u6279\u53d1\u5ba2\u6237\u3002\u5982\u679c\u60a8\u662f\u8336\u53f6\u5e97\u3001\u5496\u5561\u5e97\u3001\u5976\u8336\u5e97\u3001\u9910\u5385\u6216\u793c\u54c1\u5e97\u7b49\u884c\u4e1a\u7684\u7ecf\u8425\u8005\uff0c\u6211\u4eec\u53ef\u4ee5\u63d0\u4f9b\u6279\u53d1\u670d\u52a1\uff0c\u4e3a\u60a8\u63d0\u4f9b\u4f18\u8d28\u7684\u8336\u53f6\u548c\u76f8\u5173\u4ea7\u54c1\u3002\u6211\u4eec\u81f4\u529b\u4e8e\u5efa\u7acb\u957f\u671f\u5408\u4f5c\u5173\u7cfb\uff0c\u4e3a\u60a8\u63d0\u4f9b\u6709\u7ade\u4e89\u529b\u7684\u4ef7\u683c\u548c\u4f18\u8d28\u7684\u4ea7\u54c1\u652f\u6301\u3002<\/p>\n\n\n\n<p>\u6211\u4eec\u7684\u76ee\u6807\u662f\u4e3a\u60a8\u5e26\u6765\u6700\u597d\u7684\u8336\u53f6\u548c\u8336\u6587\u5316\u4f53\u9a8c\u3002\u65e0\u8bba\u60a8\u662f\u4e2a\u4eba\u6d88\u8d39\u8005\u8fd8\u662f\u5546\u4e1a\u5ba2\u6237\uff0c\u6211\u4eec\u90fd\u5c06\u7aed\u8bda\u4e3a\u60a8\u63d0\u4f9b\u4e13\u4e1a\u3001\u53cb\u597d\u7684\u670d\u52a1\u3002\u5982\u679c\u60a8\u5bf9\u6211\u4eec\u7684\u5546\u54c1\u6216\u4e1a\u52a1\u6709\u4efb\u4f55\u7591\u95ee\u6216\u9700\u6c42\uff0c\u8bf7\u968f\u65f6\u4e0e\u6211\u4eec\u8054\u7cfb\u3002\u611f\u8c22\u60a8\u5bf9\u672c\u5e97\u7684\u5173\u6ce8\uff0c\u6211\u4eec\u671f\u5f85\u4e3a\u60a8\u670d\u52a1\uff01<\/p>\n\n\n\n<figure class=\"wp-block-image size-large\"><img loading=\"lazy\" decoding=\"async\" width=\"1024\" height=\"683\" data-src=\"https:\/\/theteahousestore.com\/wp-content\/uploads\/2023\/07\/Image_20230721130053-1024x683.jpg\" alt=\"\" class=\"wp-image-457 lazyload\" data-srcset=\"https:\/\/theteahousestore.com\/wp-content\/uploads\/2023\/07\/Image_20230721130053-1024x683.jpg 1024w, https:\/\/theteahousestore.com\/wp-content\/uploads\/2023\/07\/Image_20230721130053-scaled-800x533.jpg 800w, https:\/\/theteahousestore.com\/wp-content\/uploads\/2023\/07\/Image_20230721130053-300x200.jpg 300w, https:\/\/theteahousestore.com\/wp-content\/uploads\/2023\/07\/Image_20230721130053-768x512.jpg 768w, https:\/\/theteahousestore.com\/wp-content\/uploads\/2023\/07\/Image_20230721130053-1536x1024.jpg 1536w, https:\/\/theteahousestore.com\/wp-content\/uploads\/2023\/07\/Image_20230721130053-2048x1365.jpg 2048w, https:\/\/theteahousestore.com\/wp-content\/uploads\/2023\/07\/Image_20230721130053-1140x760.jpg 1140w, https:\/\/theteahousestore.com\/wp-content\/uploads\/2023\/07\/Image_20230721130053-920x613.jpg 920w, https:\/\/theteahousestore.com\/wp-content\/uploads\/2023\/07\/Image_20230721130053-575x383.jpg 575w, https:\/\/theteahousestore.com\/wp-content\/uploads\/2023\/07\/Image_20230721130053-380x253.jpg 380w, https:\/\/theteahousestore.com\/wp-content\/uploads\/2023\/07\/Image_20230721130053-1320x880.jpg 1320w\" data-sizes=\"auto, (max-width: 1024px) 100vw, 1024px\" src=\"data:image\/gif;base64,R0lGODlhAQABAAAAACH5BAEKAAEALAAAAAABAAEAAAICTAEAOw==\" style=\"--smush-placeholder-width: 1024px; --smush-placeholder-aspect-ratio: 1024\/683;\" \/><noscript><img loading=\"lazy\" decoding=\"async\" width=\"1024\" height=\"683\" src=\"https:\/\/theteahousestore.com\/wp-content\/uploads\/2023\/07\/Image_20230721130053-1024x683.jpg\" alt=\"\" class=\"wp-image-457\" srcset=\"https:\/\/theteahousestore.com\/wp-content\/uploads\/2023\/07\/Image_20230721130053-1024x683.jpg 1024w, https:\/\/theteahousestore.com\/wp-content\/uploads\/2023\/07\/Image_20230721130053-scaled-800x533.jpg 800w, https:\/\/theteahousestore.com\/wp-content\/uploads\/2023\/07\/Image_20230721130053-300x200.jpg 300w, https:\/\/theteahousestore.com\/wp-content\/uploads\/2023\/07\/Image_20230721130053-768x512.jpg 768w, https:\/\/theteahousestore.com\/wp-content\/uploads\/2023\/07\/Image_20230721130053-1536x1024.jpg 1536w, https:\/\/theteahousestore.com\/wp-content\/uploads\/2023\/07\/Image_20230721130053-2048x1365.jpg 2048w, https:\/\/theteahousestore.com\/wp-content\/uploads\/2023\/07\/Image_20230721130053-1140x760.jpg 1140w, https:\/\/theteahousestore.com\/wp-content\/uploads\/2023\/07\/Image_20230721130053-920x613.jpg 920w, https:\/\/theteahousestore.com\/wp-content\/uploads\/2023\/07\/Image_20230721130053-575x383.jpg 575w, https:\/\/theteahousestore.com\/wp-content\/uploads\/2023\/07\/Image_20230721130053-380x253.jpg 380w, https:\/\/theteahousestore.com\/wp-content\/uploads\/2023\/07\/Image_20230721130053-1320x880.jpg 1320w\" sizes=\"auto, (max-width: 1024px) 100vw, 1024px\" \/><\/noscript><\/figure>\n","protected":false},"excerpt":{"rendered":"<p>Sobre Nosotros Somos una distinguida boutique del t\u00e9, en la que nos especializamos en la venta tanto al por menor como al por mayor de una exquisita variedad de t\u00e9s, [&hellip;]<\/p>\n","protected":false},"author":1,"featured_media":0,"parent":0,"menu_order":0,"comment_status":"closed","ping_status":"closed","template":"","meta":{"footnotes":""},"class_list":["post-404","page","type-page","status-publish","hentry"],"jetpack_sharing_enabled":true,"_links":{"self":[{"href":"https:\/\/theteahousestore.com\/index.php\/wp-json\/wp\/v2\/pages\/404","targetHints":{"allow":["GET"]}}],"collection":[{"href":"https:\/\/theteahousestore.com\/index.php\/wp-json\/wp\/v2\/pages"}],"about":[{"href":"https:\/\/theteahousestore.com\/index.php\/wp-json\/wp\/v2\/types\/page"}],"author":[{"embeddable":true,"href":"https:\/\/theteahousestore.com\/index.php\/wp-json\/wp\/v2\/users\/1"}],"replies":[{"embeddable":true,"href":"https:\/\/theteahousestore.com\/index.php\/wp-json\/wp\/v2\/comments?post=404"}],"version-history":[{"count":8,"href":"https:\/\/theteahousestore.com\/index.php\/wp-json\/wp\/v2\/pages\/404\/revisions"}],"predecessor-version":[{"id":608,"href":"https:\/\/theteahousestore.com\/index.php\/wp-json\/wp\/v2\/pages\/404\/revisions\/608"}],"wp:attachment":[{"href":"https:\/\/theteahousestore.com\/index.php\/wp-json\/wp\/v2\/media?parent=404"}],"curies":[{"name":"wp","href":"https:\/\/api.w.org\/{rel}","templated":true}]}}