{"id":362,"date":"2021-08-17T17:03:43","date_gmt":"2021-08-17T17:03:43","guid":{"rendered":"https:\/\/demo.athemes.com\/botiga\/?page_id=362"},"modified":"2023-09-12T21:47:56","modified_gmt":"2023-09-12T19:47:56","slug":"home-2","status":"publish","type":"page","link":"https:\/\/theteahousestore.com\/","title":{"rendered":"Home"},"content":{"rendered":"\n<div id=\"athemes-blocks-block-f641bd99\" class=\"wp-block-athemes-athemes-blocks-block-container athemes-blocks-block athemes-blocks-block-f641bd99 athemes-blocks-block-container alignfull\"><div class=\"athemes-blocks-block-container-wrapper athemes-blocks-block-container-bg-cover athemes-blocks-block-container-bg-effect-scroll\"><img loading=\"lazy\" decoding=\"async\" class=\"athemes-blocks-background-image lazyload\" width=\"1707\" height=\"1196\" data-src=\"https:\/\/theteahousestore.com\/wp-content\/uploads\/2023\/07\/IMG_5470-1-1-1.jpg\" data-srcset=\"https:\/\/theteahousestore.com\/wp-content\/uploads\/2023\/07\/IMG_5470-1-1-1-scaled-e1689937587528-150x150.jpg 150w, https:\/\/theteahousestore.com\/wp-content\/uploads\/2023\/07\/IMG_5470-1-1-1-scaled-e1689937587528-300x210.jpg 300w, https:\/\/theteahousestore.com\/wp-content\/uploads\/2023\/07\/IMG_5470-1-1-1-scaled-e1689937587528-1024x717.jpg 1024w, https:\/\/theteahousestore.com\/wp-content\/uploads\/2023\/07\/IMG_5470-1-1-1-scaled-e1689937587528-1320x925.jpg 1140w, https:\/\/theteahousestore.com\/wp-content\/uploads\/2023\/07\/IMG_5470-1-1-1-scaled-e1689937587528.jpg 1707w,\" data-sizes=\"auto, (max-width: 1707px) 100vw, 1707px\" alt=\"\" src=\"data:image\/gif;base64,R0lGODlhAQABAAAAACH5BAEKAAEALAAAAAABAAEAAAICTAEAOw==\" style=\"--smush-placeholder-width: 1707px; --smush-placeholder-aspect-ratio: 1707\/1196;\" \/><noscript><img loading=\"lazy\" decoding=\"async\" class=\"athemes-blocks-background-image\" width=\"1707\" height=\"1196\" src=\"https:\/\/theteahousestore.com\/wp-content\/uploads\/2023\/07\/IMG_5470-1-1-1.jpg\" srcset=\"https:\/\/theteahousestore.com\/wp-content\/uploads\/2023\/07\/IMG_5470-1-1-1-scaled-e1689937587528-150x150.jpg 150w, https:\/\/theteahousestore.com\/wp-content\/uploads\/2023\/07\/IMG_5470-1-1-1-scaled-e1689937587528-300x210.jpg 300w, https:\/\/theteahousestore.com\/wp-content\/uploads\/2023\/07\/IMG_5470-1-1-1-scaled-e1689937587528-1024x717.jpg 1024w, https:\/\/theteahousestore.com\/wp-content\/uploads\/2023\/07\/IMG_5470-1-1-1-scaled-e1689937587528-1320x925.jpg 1140w, https:\/\/theteahousestore.com\/wp-content\/uploads\/2023\/07\/IMG_5470-1-1-1-scaled-e1689937587528.jpg 1707w, \" sizes=\"auto, (max-width: 1707px) 100vw, 1707px\" alt=\"\"\/><\/noscript><div class=\"athemes-blocks-block-container-wrapper-content\">\n<div class=\"wp-block-columns is-layout-flex wp-container-core-columns-is-layout-9d6595d7 wp-block-columns-is-layout-flex\">\n<div class=\"wp-block-column is-layout-flow wp-block-column-is-layout-flow\" style=\"flex-basis:666px\">\n<p class=\"has-color-6-color has-text-color\"><\/p>\n\n\n\n<h2 class=\"wp-block-heading has-text-align-left has-color-6-color has-text-color has-gigantic-font-size\">La Boutique del T\u00e9 por excelencia <\/h2>\n\n\n\n<p><\/p>\n\n\n\n<div class=\"wp-block-buttons is-layout-flex wp-block-buttons-is-layout-flex\">\n<div class=\"wp-block-button\"><a class=\"wp-block-button__link wp-element-button\" href=\"https:\/\/theteahousestore.com\/index.php\/tienda\/\" target=\"_blank\" rel=\"noreferrer noopener\">ACCEDER<\/a><\/div>\n<\/div>\n<\/div>\n<\/div>\n<\/div><\/div><\/div>\n\n\n\n<div style=\"height:37px\" aria-hidden=\"true\" class=\"wp-block-spacer\"><\/div>\n\n\n\n<h3 class=\"wp-block-heading has-text-align-center\">Productos Nuevos!<\/h3>\n\n\n\n<p class=\"has-text-align-center\">Productos reci\u00e9n llegados para personas que  buscan la excelencia.<\/p>\n\n\n<div data-align-buttons=\"true\" data-block-name=\"woocommerce\/product-new\" data-columns=\"4\" data-content-visibility=\"{&quot;title&quot;:true,&quot;price&quot;:true,&quot;rating&quot;:false,&quot;button&quot;:true}\" data-rows=\"1\" class=\"wc-block-grid wp-block-product-new wp-block-woocommerce-product-new wc-block-product-new has-4-columns has-aligned-buttons\"><ul class=\"wc-block-grid__products\"><li class=\"wc-block-grid__product product-grid \">\n\t\t\t\t<div class=\"loop-image-wrap botiga-add-to-cart-button-layout2\">\n\t\t\t\t\t<a href=\"https:\/\/theteahousestore.com\/index.php\/product\/tetera-zen-tea%e7%a6%85%e8%8c%b6%e4%b8%80%e5%91%b3%e8%8c%b6%e5%a3%b6\/\" class=\"wc-block-grid__product-link\">\n\t\t\t\t\t\t<div class=\"wc-block-grid__product-image\"><img loading=\"lazy\" decoding=\"async\" width=\"420\" height=\"420\" data-src=\"https:\/\/theteahousestore.com\/wp-content\/uploads\/2024\/04\/3bfe9fc4377cd5a90e18e2906ae4d34b_-420x420.jpg\" class=\"attachment-woocommerce_thumbnail size-woocommerce_thumbnail lazyload\" alt=\"Tetera zen tea\u7985\u8336\u4e00\u5473\u8336\u58f6\" data-srcset=\"https:\/\/theteahousestore.com\/wp-content\/uploads\/2024\/04\/3bfe9fc4377cd5a90e18e2906ae4d34b_-420x420.jpg 420w, https:\/\/theteahousestore.com\/wp-content\/uploads\/2024\/04\/3bfe9fc4377cd5a90e18e2906ae4d34b_-150x150.jpg 150w, https:\/\/theteahousestore.com\/wp-content\/uploads\/2024\/04\/3bfe9fc4377cd5a90e18e2906ae4d34b_-100x100.jpg 100w\" data-sizes=\"auto, (max-width: 420px) 100vw, 420px\" src=\"data:image\/gif;base64,R0lGODlhAQABAAAAACH5BAEKAAEALAAAAAABAAEAAAICTAEAOw==\" style=\"--smush-placeholder-width: 420px; --smush-placeholder-aspect-ratio: 420\/420;\" \/><noscript><img loading=\"lazy\" decoding=\"async\" width=\"420\" height=\"420\" src=\"https:\/\/theteahousestore.com\/wp-content\/uploads\/2024\/04\/3bfe9fc4377cd5a90e18e2906ae4d34b_-420x420.jpg\" class=\"attachment-woocommerce_thumbnail size-woocommerce_thumbnail\" alt=\"Tetera zen tea\u7985\u8336\u4e00\u5473\u8336\u58f6\" srcset=\"https:\/\/theteahousestore.com\/wp-content\/uploads\/2024\/04\/3bfe9fc4377cd5a90e18e2906ae4d34b_-420x420.jpg 420w, https:\/\/theteahousestore.com\/wp-content\/uploads\/2024\/04\/3bfe9fc4377cd5a90e18e2906ae4d34b_-150x150.jpg 150w, https:\/\/theteahousestore.com\/wp-content\/uploads\/2024\/04\/3bfe9fc4377cd5a90e18e2906ae4d34b_-100x100.jpg 100w\" sizes=\"auto, (max-width: 420px) 100vw, 420px\" \/><\/noscript><\/div>\n\t\t\t\t\t<\/a><\/div><a href=\"https:\/\/theteahousestore.com\/index.php\/product\/tetera-zen-tea%e7%a6%85%e8%8c%b6%e4%b8%80%e5%91%b3%e8%8c%b6%e5%a3%b6\/\" class=\"wc-block-grid__product-link\">\n\t\t\t\t\t<div class=\"wc-block-grid__product-title\">Tetera zen tea\u7985\u8336\u4e00\u5473\u8336\u58f6<\/div>\n\t\t\t\t<\/a><div class=\"wc-block-grid__product-price price\"><span class=\"woocommerce-Price-amount amount\">7.00<span class=\"woocommerce-Price-currencySymbol\">&euro;<\/span><\/span><\/div><div class=\"wp-block-button wc-block-grid__product-add-to-cart\"><div class=\"loop-button-wrap button-width-auto button-layout2 \"><a href=\"\/index.php\/wp-json\/wp\/v2\/pages\/362?add-to-cart=1665\" aria-label=\"A\u00f1adir al carrito: &ldquo;Tetera zen tea\u7985\u8336\u4e00\u5473\u8336\u58f6&rdquo;\" data-quantity=\"1\" data-product_id=\"1665\" data-product_sku=\"\" rel=\"nofollow\" class=\"button wp-block-button__link add_to_cart_button ajax_add_to_cart\">A\u00f1adir al carrito<\/a><\/div><\/div><\/li><li class=\"wc-block-grid__product product-grid \">\n\t\t\t\t<div class=\"loop-image-wrap botiga-add-to-cart-button-layout2\">\n\t\t\t\t\t<a href=\"https:\/\/theteahousestore.com\/index.php\/product\/cuenco-de-te-zen-%e7%a6%85%e8%8c%b6%e4%b8%80%e5%91%b3%e7%9b%96%e7%a2%97\/\" class=\"wc-block-grid__product-link\">\n\t\t\t\t\t\t<div class=\"wc-block-grid__product-image\"><img loading=\"lazy\" decoding=\"async\" width=\"420\" height=\"420\" data-src=\"https:\/\/theteahousestore.com\/wp-content\/uploads\/2024\/04\/b49dab9acc306a99067e8b2bae742105_-420x420.jpg\" class=\"attachment-woocommerce_thumbnail size-woocommerce_thumbnail lazyload\" alt=\"Cuenco de te zen \u7985\u8336\u4e00\u5473\u76d6\u7897\" data-srcset=\"https:\/\/theteahousestore.com\/wp-content\/uploads\/2024\/04\/b49dab9acc306a99067e8b2bae742105_-420x420.jpg 420w, https:\/\/theteahousestore.com\/wp-content\/uploads\/2024\/04\/b49dab9acc306a99067e8b2bae742105_-150x150.jpg 150w, https:\/\/theteahousestore.com\/wp-content\/uploads\/2024\/04\/b49dab9acc306a99067e8b2bae742105_-100x100.jpg 100w\" data-sizes=\"auto, (max-width: 420px) 100vw, 420px\" src=\"data:image\/gif;base64,R0lGODlhAQABAAAAACH5BAEKAAEALAAAAAABAAEAAAICTAEAOw==\" style=\"--smush-placeholder-width: 420px; --smush-placeholder-aspect-ratio: 420\/420;\" \/><noscript><img loading=\"lazy\" decoding=\"async\" width=\"420\" height=\"420\" src=\"https:\/\/theteahousestore.com\/wp-content\/uploads\/2024\/04\/b49dab9acc306a99067e8b2bae742105_-420x420.jpg\" class=\"attachment-woocommerce_thumbnail size-woocommerce_thumbnail\" alt=\"Cuenco de te zen \u7985\u8336\u4e00\u5473\u76d6\u7897\" srcset=\"https:\/\/theteahousestore.com\/wp-content\/uploads\/2024\/04\/b49dab9acc306a99067e8b2bae742105_-420x420.jpg 420w, https:\/\/theteahousestore.com\/wp-content\/uploads\/2024\/04\/b49dab9acc306a99067e8b2bae742105_-150x150.jpg 150w, https:\/\/theteahousestore.com\/wp-content\/uploads\/2024\/04\/b49dab9acc306a99067e8b2bae742105_-100x100.jpg 100w\" sizes=\"auto, (max-width: 420px) 100vw, 420px\" \/><\/noscript><\/div>\n\t\t\t\t\t<\/a><\/div><a href=\"https:\/\/theteahousestore.com\/index.php\/product\/cuenco-de-te-zen-%e7%a6%85%e8%8c%b6%e4%b8%80%e5%91%b3%e7%9b%96%e7%a2%97\/\" class=\"wc-block-grid__product-link\">\n\t\t\t\t\t<div class=\"wc-block-grid__product-title\">Cuenco de te zen \u7985\u8336\u4e00\u5473\u76d6\u7897<\/div>\n\t\t\t\t<\/a><div class=\"wc-block-grid__product-price price\"><span class=\"woocommerce-Price-amount amount\">7.00<span class=\"woocommerce-Price-currencySymbol\">&euro;<\/span><\/span><\/div><div class=\"wp-block-button wc-block-grid__product-add-to-cart\"><div class=\"loop-button-wrap button-width-auto button-layout2 \"><a href=\"\/index.php\/wp-json\/wp\/v2\/pages\/362?add-to-cart=1664\" aria-label=\"A\u00f1adir al carrito: &ldquo;Cuenco de te zen \u7985\u8336\u4e00\u5473\u76d6\u7897&rdquo;\" data-quantity=\"1\" data-product_id=\"1664\" data-product_sku=\"\" rel=\"nofollow\" class=\"button wp-block-button__link add_to_cart_button ajax_add_to_cart\">A\u00f1adir al carrito<\/a><\/div><\/div><\/li><li class=\"wc-block-grid__product product-grid \">\n\t\t\t\t<div class=\"loop-image-wrap botiga-add-to-cart-button-layout2\">\n\t\t\t\t\t<a href=\"https:\/\/theteahousestore.com\/index.php\/product\/taza-con-boca-reversible-zen-tea-one-flavour-pequena%e7%a6%85%e8%8c%b6%e4%b8%80%e5%91%b3%e5%8f%8d%e5%8f%a3%e6%9d%af%e5%b0%8f\/\" class=\"wc-block-grid__product-link\">\n\t\t\t\t\t\t<div class=\"wc-block-grid__product-image\"><img loading=\"lazy\" decoding=\"async\" width=\"420\" height=\"420\" data-src=\"https:\/\/theteahousestore.com\/wp-content\/uploads\/2024\/04\/3b8e7d6bdde5469ffffb62785bc64efa_-420x420.jpg\" class=\"attachment-woocommerce_thumbnail size-woocommerce_thumbnail lazyload\" alt=\"Taza con boca reversible zen tea one flavour pequena\u7985\u8336\u4e00\u5473\u53cd\u53e3\u676f\u5c0f\" data-srcset=\"https:\/\/theteahousestore.com\/wp-content\/uploads\/2024\/04\/3b8e7d6bdde5469ffffb62785bc64efa_-420x420.jpg 420w, https:\/\/theteahousestore.com\/wp-content\/uploads\/2024\/04\/3b8e7d6bdde5469ffffb62785bc64efa_-150x150.jpg 150w, https:\/\/theteahousestore.com\/wp-content\/uploads\/2024\/04\/3b8e7d6bdde5469ffffb62785bc64efa_-100x100.jpg 100w\" data-sizes=\"auto, (max-width: 420px) 100vw, 420px\" src=\"data:image\/gif;base64,R0lGODlhAQABAAAAACH5BAEKAAEALAAAAAABAAEAAAICTAEAOw==\" style=\"--smush-placeholder-width: 420px; --smush-placeholder-aspect-ratio: 420\/420;\" \/><noscript><img loading=\"lazy\" decoding=\"async\" width=\"420\" height=\"420\" src=\"https:\/\/theteahousestore.com\/wp-content\/uploads\/2024\/04\/3b8e7d6bdde5469ffffb62785bc64efa_-420x420.jpg\" class=\"attachment-woocommerce_thumbnail size-woocommerce_thumbnail\" alt=\"Taza con boca reversible zen tea one flavour pequena\u7985\u8336\u4e00\u5473\u53cd\u53e3\u676f\u5c0f\" srcset=\"https:\/\/theteahousestore.com\/wp-content\/uploads\/2024\/04\/3b8e7d6bdde5469ffffb62785bc64efa_-420x420.jpg 420w, https:\/\/theteahousestore.com\/wp-content\/uploads\/2024\/04\/3b8e7d6bdde5469ffffb62785bc64efa_-150x150.jpg 150w, https:\/\/theteahousestore.com\/wp-content\/uploads\/2024\/04\/3b8e7d6bdde5469ffffb62785bc64efa_-100x100.jpg 100w\" sizes=\"auto, (max-width: 420px) 100vw, 420px\" \/><\/noscript><\/div>\n\t\t\t\t\t<\/a><\/div><a href=\"https:\/\/theteahousestore.com\/index.php\/product\/taza-con-boca-reversible-zen-tea-one-flavour-pequena%e7%a6%85%e8%8c%b6%e4%b8%80%e5%91%b3%e5%8f%8d%e5%8f%a3%e6%9d%af%e5%b0%8f\/\" class=\"wc-block-grid__product-link\">\n\t\t\t\t\t<div class=\"wc-block-grid__product-title\">Taza con boca reversible zen tea one flavour pequena\u7985\u8336\u4e00\u5473\u53cd\u53e3\u676f\u5c0f<\/div>\n\t\t\t\t<\/a><div class=\"wc-block-grid__product-price price\"><span class=\"woocommerce-Price-amount amount\">2.50<span class=\"woocommerce-Price-currencySymbol\">&euro;<\/span><\/span><\/div><div class=\"wp-block-button wc-block-grid__product-add-to-cart\"><div class=\"loop-button-wrap button-width-auto button-layout2 \"><a href=\"\/index.php\/wp-json\/wp\/v2\/pages\/362?add-to-cart=1663\" aria-label=\"A\u00f1adir al carrito: &ldquo;Taza con boca reversible zen tea one flavour pequena\u7985\u8336\u4e00\u5473\u53cd\u53e3\u676f\u5c0f&rdquo;\" data-quantity=\"1\" data-product_id=\"1663\" data-product_sku=\"\" rel=\"nofollow\" class=\"button wp-block-button__link add_to_cart_button ajax_add_to_cart\">A\u00f1adir al carrito<\/a><\/div><\/div><\/li><li class=\"wc-block-grid__product product-grid \">\n\t\t\t\t<div class=\"loop-image-wrap botiga-add-to-cart-button-layout2\">\n\t\t\t\t\t<a href=\"https:\/\/theteahousestore.com\/index.php\/product\/taza-zen-tea-one-flavour-reverse-grande%e7%a6%85%e8%8c%b6%e4%b8%80%e5%91%b3%e5%8f%8d%e5%8f%a3%e6%9d%af%e5%a4%a7\/\" class=\"wc-block-grid__product-link\">\n\t\t\t\t\t\t<div class=\"wc-block-grid__product-image\"><img loading=\"lazy\" decoding=\"async\" width=\"420\" height=\"420\" data-src=\"https:\/\/theteahousestore.com\/wp-content\/uploads\/2024\/04\/393ef608737c0486827934885deae13d_-420x420.jpg\" class=\"attachment-woocommerce_thumbnail size-woocommerce_thumbnail lazyload\" alt=\"Taza zen tea one flavour reverse grande\u7985\u8336\u4e00\u5473\u53cd\u53e3\u676f\u5927\" data-srcset=\"https:\/\/theteahousestore.com\/wp-content\/uploads\/2024\/04\/393ef608737c0486827934885deae13d_-420x420.jpg 420w, https:\/\/theteahousestore.com\/wp-content\/uploads\/2024\/04\/393ef608737c0486827934885deae13d_-150x150.jpg 150w, https:\/\/theteahousestore.com\/wp-content\/uploads\/2024\/04\/393ef608737c0486827934885deae13d_-100x100.jpg 100w\" data-sizes=\"auto, (max-width: 420px) 100vw, 420px\" src=\"data:image\/gif;base64,R0lGODlhAQABAAAAACH5BAEKAAEALAAAAAABAAEAAAICTAEAOw==\" style=\"--smush-placeholder-width: 420px; --smush-placeholder-aspect-ratio: 420\/420;\" \/><noscript><img loading=\"lazy\" decoding=\"async\" width=\"420\" height=\"420\" src=\"https:\/\/theteahousestore.com\/wp-content\/uploads\/2024\/04\/393ef608737c0486827934885deae13d_-420x420.jpg\" class=\"attachment-woocommerce_thumbnail size-woocommerce_thumbnail\" alt=\"Taza zen tea one flavour reverse grande\u7985\u8336\u4e00\u5473\u53cd\u53e3\u676f\u5927\" srcset=\"https:\/\/theteahousestore.com\/wp-content\/uploads\/2024\/04\/393ef608737c0486827934885deae13d_-420x420.jpg 420w, https:\/\/theteahousestore.com\/wp-content\/uploads\/2024\/04\/393ef608737c0486827934885deae13d_-150x150.jpg 150w, https:\/\/theteahousestore.com\/wp-content\/uploads\/2024\/04\/393ef608737c0486827934885deae13d_-100x100.jpg 100w\" sizes=\"auto, (max-width: 420px) 100vw, 420px\" \/><\/noscript><\/div>\n\t\t\t\t\t<\/a><\/div><a href=\"https:\/\/theteahousestore.com\/index.php\/product\/taza-zen-tea-one-flavour-reverse-grande%e7%a6%85%e8%8c%b6%e4%b8%80%e5%91%b3%e5%8f%8d%e5%8f%a3%e6%9d%af%e5%a4%a7\/\" class=\"wc-block-grid__product-link\">\n\t\t\t\t\t<div class=\"wc-block-grid__product-title\">Taza zen tea one flavour reverse grande\u7985\u8336\u4e00\u5473\u53cd\u53e3\u676f\u5927<\/div>\n\t\t\t\t<\/a><div class=\"wc-block-grid__product-price price\"><span class=\"woocommerce-Price-amount amount\">3.00<span class=\"woocommerce-Price-currencySymbol\">&euro;<\/span><\/span><\/div><div class=\"wp-block-button wc-block-grid__product-add-to-cart\"><div class=\"loop-button-wrap button-width-auto button-layout2 \"><a href=\"\/index.php\/wp-json\/wp\/v2\/pages\/362?add-to-cart=1662\" aria-label=\"A\u00f1adir al carrito: &ldquo;Taza zen tea one flavour reverse grande\u7985\u8336\u4e00\u5473\u53cd\u53e3\u676f\u5927&rdquo;\" data-quantity=\"1\" data-product_id=\"1662\" data-product_sku=\"\" rel=\"nofollow\" class=\"button wp-block-button__link add_to_cart_button ajax_add_to_cart\">A\u00f1adir al carrito<\/a><\/div><\/div><\/li><\/ul><\/div>\n\n\n<div style=\"height:94px\" aria-hidden=\"true\" class=\"wp-block-spacer\"><\/div>\n\n\n\n<div id=\"athemes-blocks-block-3e005c03\" class=\"wp-block-athemes-athemes-blocks-block-container athemes-blocks-block athemes-blocks-block-3e005c03 athemes-blocks-block-container alignfull\"><div class=\"athemes-blocks-block-container-wrapper athemes-blocks-block-container-bg-cover athemes-blocks-block-container-bg-effect-scroll\"><img decoding=\"async\" class=\"athemes-blocks-background-image lazyload\" width=\"1707\" height=\"2560\" data-src=\"https:\/\/theteahousestore.com\/wp-content\/uploads\/2023\/07\/IMG_5491-1-1-1.jpg\" data-srcset=\"https:\/\/theteahousestore.com\/wp-content\/uploads\/2023\/07\/IMG_5491-1-1-1-150x150.jpg 150w, https:\/\/theteahousestore.com\/wp-content\/uploads\/2023\/07\/IMG_5491-1-1-1-200x300.jpg 200w, https:\/\/theteahousestore.com\/wp-content\/uploads\/2023\/07\/IMG_5491-1-1-1-683x1024.jpg 683w, https:\/\/theteahousestore.com\/wp-content\/uploads\/2023\/07\/IMG_5491-1-1-1-1320x1980.jpg 1140w, https:\/\/theteahousestore.com\/wp-content\/uploads\/2023\/07\/IMG_5491-1-1-1-scaled.jpg 1707w,\" data-sizes=\"auto, (max-width: 1707px) 100vw, 1707px\" alt=\"\" loading=\"lazy\" src=\"data:image\/gif;base64,R0lGODlhAQABAAAAACH5BAEKAAEALAAAAAABAAEAAAICTAEAOw==\" style=\"--smush-placeholder-width: 1707px; --smush-placeholder-aspect-ratio: 1707\/2560;\" \/><noscript><img decoding=\"async\" class=\"athemes-blocks-background-image\" width=\"1707\" height=\"2560\" src=\"https:\/\/theteahousestore.com\/wp-content\/uploads\/2023\/07\/IMG_5491-1-1-1.jpg\" srcset=\"https:\/\/theteahousestore.com\/wp-content\/uploads\/2023\/07\/IMG_5491-1-1-1-150x150.jpg 150w, https:\/\/theteahousestore.com\/wp-content\/uploads\/2023\/07\/IMG_5491-1-1-1-200x300.jpg 200w, https:\/\/theteahousestore.com\/wp-content\/uploads\/2023\/07\/IMG_5491-1-1-1-683x1024.jpg 683w, https:\/\/theteahousestore.com\/wp-content\/uploads\/2023\/07\/IMG_5491-1-1-1-1320x1980.jpg 1140w, https:\/\/theteahousestore.com\/wp-content\/uploads\/2023\/07\/IMG_5491-1-1-1-scaled.jpg 1707w, \" sizes=\"auto, (max-width: 1707px) 100vw, 1707px\" alt=\"\" loading=\"lazy\"\/><\/noscript><div class=\"athemes-blocks-block-container-wrapper-content\">\n<p><\/p>\n\n\n\n<h2 class=\"wp-block-heading has-text-align-left has-color-6-color has-text-color\"><strong>Sobre Nosotros<\/strong><\/h2>\n\n\n\n<p class=\"has-text-align-left has-color-6-color has-text-color has-normal-font-size\">Somos una distinguida boutique del t\u00e9, en la que nos especializamos en la venta tanto al por menor como al por mayor de una exquisita variedad de t\u00e9s, as\u00ed como de refinados utensilios y accesorios para la ceremonia del t\u00e9. Adentrarse en nuestra encantadora morada es sumergirse en un mundo de aromas cautivadores y deleite para los sentidos. <\/p>\n\n\n\n<div class=\"wp-block-buttons is-horizontal is-content-justification-left is-layout-flex wp-container-core-buttons-is-layout-7e5fce0a wp-block-buttons-is-layout-flex\">\n<div class=\"wp-block-button\"><a class=\"wp-block-button__link wp-element-button\" href=\"https:\/\/theteahousestore.com\/index.php\/sobre-nosotros\" target=\"_blank\" rel=\"noreferrer noopener\">LEER M\u00c1S<\/a><\/div>\n<\/div>\n<\/div><\/div><\/div>\n\n\n\n<div style=\"height:59px\" aria-hidden=\"true\" class=\"wp-block-spacer\"><\/div>\n\n\n\n<h3 class=\"wp-block-heading has-text-align-center\">S\u00edguenos en Instagram!<\/h3>\n\n\n\n<p class=\"has-text-align-center\">Mantente al d\u00eda de las noticias y publicaciones mediante Instagram<\/p>\n\n\n\n\n\n<div style=\"height:106px\" aria-hidden=\"true\" class=\"wp-block-spacer\"><\/div>\n","protected":false},"excerpt":{"rendered":"<p>Productos Nuevos! Productos reci\u00e9n llegados para personas que buscan la excelencia. S\u00edguenos en Instagram! Mantente al d\u00eda de las noticias y publicaciones mediante Instagram<\/p>\n","protected":false},"author":1,"featured_media":0,"parent":0,"menu_order":0,"comment_status":"closed","ping_status":"closed","template":"","meta":{"footnotes":""},"class_list":["post-362","page","type-page","status-publish","hentry"],"jetpack_sharing_enabled":true,"_links":{"self":[{"href":"https:\/\/theteahousestore.com\/index.php\/wp-json\/wp\/v2\/pages\/362","targetHints":{"allow":["GET"]}}],"collection":[{"href":"https:\/\/theteahousestore.com\/index.php\/wp-json\/wp\/v2\/pages"}],"about":[{"href":"https:\/\/theteahousestore.com\/index.php\/wp-json\/wp\/v2\/types\/page"}],"author":[{"embeddable":true,"href":"https:\/\/theteahousestore.com\/index.php\/wp-json\/wp\/v2\/users\/1"}],"replies":[{"embeddable":true,"href":"https:\/\/theteahousestore.com\/index.php\/wp-json\/wp\/v2\/comments?post=362"}],"version-history":[{"count":30,"href":"https:\/\/theteahousestore.com\/index.php\/wp-json\/wp\/v2\/pages\/362\/revisions"}],"predecessor-version":[{"id":1547,"href":"https:\/\/theteahousestore.com\/index.php\/wp-json\/wp\/v2\/pages\/362\/revisions\/1547"}],"wp:attachment":[{"href":"https:\/\/theteahousestore.com\/index.php\/wp-json\/wp\/v2\/media?parent=362"}],"curies":[{"name":"wp","href":"https:\/\/api.w.org\/{rel}","templated":true}]}}