{"id":1566,"date":"2023-11-25T13:01:09","date_gmt":"2023-11-25T12:01:09","guid":{"rendered":"https:\/\/theteahousestore.com\/?page_id=1566"},"modified":"2023-11-25T13:01:10","modified_gmt":"2023-11-25T12:01:10","slug":"envios","status":"publish","type":"page","link":"https:\/\/theteahousestore.com\/index.php\/envios\/","title":{"rendered":"Env\u00edos"},"content":{"rendered":"\n<p>Los pedidos efectuados se procesar\u00e1n en un plazo de 24 a 48 horas y se entregar\u00e1n a trav\u00e9s de la compa\u00f1\u00eda de env\u00edos local en un lapso de 24 a 48 horas. Una vez despachados, los clientes recibir\u00e1n un enlace para rastrear el estado de sus pedidos.<\/p>\n\n\n\n<p><\/p>\n\n\n\n<p>Si necesita ayuda con su pedido no dude en contactarnos!<\/p>\n\n\n\n<p>Wechat: Q66803888<\/p>\n\n\n\n<p>Tel\u00e9fono: 931 849 527<\/p>\n\n\n\n<p>C\/ de Girona 95, 08009, Barcelona<\/p>\n","protected":false},"excerpt":{"rendered":"<p>Los pedidos efectuados se procesar\u00e1n en un plazo de 24 a 48 horas y se entregar\u00e1n a trav\u00e9s de la compa\u00f1\u00eda de env\u00edos local en un lapso de 24 a [&hellip;]<\/p>\n","protected":false},"author":1,"featured_media":0,"parent":0,"menu_order":0,"comment_status":"closed","ping_status":"closed","template":"","meta":{"footnotes":""},"class_list":["post-1566","page","type-page","status-publish","hentry"],"jetpack_sharing_enabled":true,"_links":{"self":[{"href":"https:\/\/theteahousestore.com\/index.php\/wp-json\/wp\/v2\/pages\/1566","targetHints":{"allow":["GET"]}}],"collection":[{"href":"https:\/\/theteahousestore.com\/index.php\/wp-json\/wp\/v2\/pages"}],"about":[{"href":"https:\/\/theteahousestore.com\/index.php\/wp-json\/wp\/v2\/types\/page"}],"author":[{"embeddable":true,"href":"https:\/\/theteahousestore.com\/index.php\/wp-json\/wp\/v2\/users\/1"}],"replies":[{"embeddable":true,"href":"https:\/\/theteahousestore.com\/index.php\/wp-json\/wp\/v2\/comments?post=1566"}],"version-history":[{"count":1,"href":"https:\/\/theteahousestore.com\/index.php\/wp-json\/wp\/v2\/pages\/1566\/revisions"}],"predecessor-version":[{"id":1567,"href":"https:\/\/theteahousestore.com\/index.php\/wp-json\/wp\/v2\/pages\/1566\/revisions\/1567"}],"wp:attachment":[{"href":"https:\/\/theteahousestore.com\/index.php\/wp-json\/wp\/v2\/media?parent=1566"}],"curies":[{"name":"wp","href":"https:\/\/api.w.org\/{rel}","templated":true}]}}